{"id":6292,"date":"2025-01-21T08:42:34","date_gmt":"2025-01-21T08:42:34","guid":{"rendered":"https:\/\/ghotels.com.mx\/?page_id=6292"},"modified":"2025-10-30T17:53:41","modified_gmt":"2025-10-30T17:53:41","slug":"maya-tulum","status":"publish","type":"page","link":"https:\/\/ghotels.com.mx\/en\/maya-tulum\/","title":{"rendered":"MAYA Tulum"},"content":{"rendered":"<div data-elementor-type=\"wp-page\" data-elementor-id=\"6292\" class=\"elementor elementor-6292\" data-elementor-post-type=\"page\">\n\t\t\t\t<div class=\"elementor-element elementor-element-458498e7 elementor-hidden-mobile e-flex e-con-boxed elementor-invisible e-con e-parent\" data-id=\"458498e7\" data-element_type=\"container\" data-settings=\"{&quot;background_background&quot;:&quot;video&quot;,&quot;animation&quot;:&quot;fadeIn&quot;,&quot;background_video_link&quot;:&quot;https:\\\/\\\/www.youtube.com\\\/watch?v=dsvRB2gNDWg&quot;,&quot;background_video_start&quot;:5.5}\">\n\t\t\t\t\t<div class=\"e-con-inner\">\n\t\t<div class=\"elementor-background-video-container elementor-hidden-mobile\" aria-hidden=\"true\">\n\t\t\t\t\t\t\t<div class=\"elementor-background-video-embed\"><\/div>\n\t\t\t\t\t\t<\/div><div class=\"elementor-element elementor-element-3067648 e-con-full e-flex e-con e-child\" data-id=\"3067648\" data-element_type=\"container\">\n\t\t\t\t<div class=\"elementor-element elementor-element-2d1bd798 elementor-invisible elementor-widget elementor-widget-heading\" data-id=\"2d1bd798\" data-element_type=\"widget\" data-settings=\"{&quot;_animation&quot;:&quot;fadeInUp&quot;}\" data-widget_type=\"heading.default\">\n\t\t\t\t<div class=\"elementor-widget-container\">\n\t\t\t\t\t<h1 class=\"elementor-heading-title elementor-size-default\">Maya Tulum<\/h1>\t\t\t\t<\/div>\n\t\t\t\t<\/div>\n\t\t<div class=\"elementor-element elementor-element-2ca49e9b e-con-full e-flex e-con e-child\" data-id=\"2ca49e9b\" data-element_type=\"container\">\n\t\t\t\t<div class=\"elementor-element elementor-element-d4be48e elementor-widget__width-initial elementor-widget-mobile__width-inherit elementor-invisible elementor-widget elementor-widget-text-editor\" data-id=\"d4be48e\" data-element_type=\"widget\" data-settings=\"{&quot;_animation&quot;:&quot;fadeInUp&quot;}\" data-widget_type=\"text-editor.default\">\n\t\t\t\t<div class=\"elementor-widget-container\">\n\t\t\t\t\t\t\t\t\t<p>Where\u00a0<b><strong>tranquility and luxury\u00a0<\/strong><\/b>meet nature.<\/p>\t\t\t\t\t\t\t\t<\/div>\n\t\t\t\t<\/div>\n\t\t\t\t<div class=\"elementor-element elementor-element-383efbdb elementor-align-left elementor-widget__width-initial elementor-widget-mobile__width-inherit elementor-invisible elementor-widget elementor-widget-button\" data-id=\"383efbdb\" data-element_type=\"widget\" data-settings=\"{&quot;_animation&quot;:&quot;fadeInUp&quot;,&quot;_animation_delay&quot;:&quot;200&quot;}\" data-widget_type=\"button.default\">\n\t\t\t\t<div class=\"elementor-widget-container\">\n\t\t\t\t\t\t\t\t\t<div class=\"elementor-button-wrapper\">\n\t\t\t\t\t<a class=\"elementor-button elementor-button-link elementor-size-sm\" href=\"https:\/\/mayatulum.com\/\">\n\t\t\t\t\t\t<span class=\"elementor-button-content-wrapper\">\n\t\t\t\t\t\t\t\t\t<span class=\"elementor-button-text\">Visit Hotel<\/span>\n\t\t\t\t\t<\/span>\n\t\t\t\t\t<\/a>\n\t\t\t\t<\/div>\n\t\t\t\t\t\t\t\t<\/div>\n\t\t\t\t<\/div>\n\t\t\t\t<\/div>\n\t\t\t\t<\/div>\n\t\t\t\t\t<\/div>\n\t\t\t\t<\/div>\n\t\t<div class=\"elementor-element elementor-element-5bec30f elementor-hidden-desktop e-flex e-con-boxed elementor-invisible e-con e-parent\" data-id=\"5bec30f\" data-element_type=\"container\" data-settings=\"{&quot;background_background&quot;:&quot;video&quot;,&quot;animation&quot;:&quot;fadeIn&quot;,&quot;background_video_link&quot;:&quot;https:\\\/\\\/mayatulum.com\\\/wp-content\\\/uploads\\\/2025\\\/05\\\/V-Maya-Tulum-01.mp4&quot;,&quot;background_play_on_mobile&quot;:&quot;yes&quot;}\">\n\t\t\t\t\t<div class=\"e-con-inner\">\n\t\t<div class=\"elementor-background-video-container\" aria-hidden=\"true\">\n\t\t\t\t\t\t\t<video class=\"elementor-background-video-hosted\" autoplay muted playsinline loop><\/video>\n\t\t\t\t\t<\/div><div class=\"elementor-element elementor-element-f129636 e-con-full e-flex e-con e-child\" data-id=\"f129636\" data-element_type=\"container\">\n\t\t\t\t<div class=\"elementor-element elementor-element-bc3ca02 elementor-invisible elementor-widget elementor-widget-heading\" data-id=\"bc3ca02\" data-element_type=\"widget\" data-settings=\"{&quot;_animation&quot;:&quot;fadeInUp&quot;}\" data-widget_type=\"heading.default\">\n\t\t\t\t<div class=\"elementor-widget-container\">\n\t\t\t\t\t<h1 class=\"elementor-heading-title elementor-size-default\">Maya Tulum<\/h1>\t\t\t\t<\/div>\n\t\t\t\t<\/div>\n\t\t<div class=\"elementor-element elementor-element-adb2b9c e-con-full e-flex e-con e-child\" data-id=\"adb2b9c\" data-element_type=\"container\">\n\t\t\t\t<div class=\"elementor-element elementor-element-73fffcc elementor-widget__width-initial elementor-widget-mobile__width-inherit elementor-invisible elementor-widget elementor-widget-text-editor\" data-id=\"73fffcc\" data-element_type=\"widget\" data-settings=\"{&quot;_animation&quot;:&quot;fadeInUp&quot;}\" data-widget_type=\"text-editor.default\">\n\t\t\t\t<div class=\"elementor-widget-container\">\n\t\t\t\t\t\t\t\t\t<p>Where\u00a0<b><strong>tranquility and luxury\u00a0<\/strong><\/b>meet nature.<\/p>\t\t\t\t\t\t\t\t<\/div>\n\t\t\t\t<\/div>\n\t\t\t\t<div class=\"elementor-element elementor-element-06416bb elementor-align-left elementor-widget__width-initial elementor-widget-mobile__width-inherit elementor-invisible elementor-widget elementor-widget-button\" data-id=\"06416bb\" data-element_type=\"widget\" data-settings=\"{&quot;_animation&quot;:&quot;fadeInUp&quot;,&quot;_animation_delay&quot;:&quot;200&quot;}\" data-widget_type=\"button.default\">\n\t\t\t\t<div class=\"elementor-widget-container\">\n\t\t\t\t\t\t\t\t\t<div class=\"elementor-button-wrapper\">\n\t\t\t\t\t<a class=\"elementor-button elementor-button-link elementor-size-sm\" href=\"https:\/\/mayatulum.com\/\">\n\t\t\t\t\t\t<span class=\"elementor-button-content-wrapper\">\n\t\t\t\t\t\t\t\t\t<span class=\"elementor-button-text\">Visit Hotel<\/span>\n\t\t\t\t\t<\/span>\n\t\t\t\t\t<\/a>\n\t\t\t\t<\/div>\n\t\t\t\t\t\t\t\t<\/div>\n\t\t\t\t<\/div>\n\t\t\t\t<\/div>\n\t\t\t\t<\/div>\n\t\t\t\t\t<\/div>\n\t\t\t\t<\/div>\n\t\t<div class=\"elementor-element elementor-element-44e95ed8 e-flex e-con-boxed e-con e-parent\" data-id=\"44e95ed8\" data-element_type=\"container\">\n\t\t\t\t\t<div class=\"e-con-inner\">\n\t\t<div class=\"elementor-element elementor-element-31cf97c6 e-con-full e-flex e-con e-child\" data-id=\"31cf97c6\" data-element_type=\"container\">\n\t\t\t\t<div class=\"elementor-element elementor-element-544562f5 elementor-invisible elementor-widget elementor-widget-heading\" data-id=\"544562f5\" data-element_type=\"widget\" data-settings=\"{&quot;_animation&quot;:&quot;fadeInUp&quot;}\" data-widget_type=\"heading.default\">\n\t\t\t\t<div class=\"elementor-widget-container\">\n\t\t\t\t\t<h2 class=\"elementor-heading-title elementor-size-default\">Paradise in the Caribbean<\/h2>\t\t\t\t<\/div>\n\t\t\t\t<\/div>\n\t\t\t\t<div class=\"elementor-element elementor-element-7adacff6 elementor-invisible elementor-widget elementor-widget-heading\" data-id=\"7adacff6\" data-element_type=\"widget\" data-settings=\"{&quot;_animation&quot;:&quot;fadeInUp&quot;}\" data-widget_type=\"heading.default\">\n\t\t\t\t<div class=\"elementor-widget-container\">\n\t\t\t\t\t<h2 class=\"elementor-heading-title elementor-size-default\">MAYA Tulum<\/h2>\t\t\t\t<\/div>\n\t\t\t\t<\/div>\n\t\t\t\t<div class=\"elementor-element elementor-element-2a23bf95 elementor-invisible elementor-widget elementor-widget-text-editor\" data-id=\"2a23bf95\" data-element_type=\"widget\" data-settings=\"{&quot;_animation&quot;:&quot;fadeInUp&quot;}\" data-widget_type=\"text-editor.default\">\n\t\t\t\t<div class=\"elementor-widget-container\">\n\t\t\t\t\t\t\t\t\t<p><span style=\"color: #172547;\"><b>Peace, harmony, and relaxation.<\/b><\/span><span style=\"font-weight: 400;\"> This is <\/span><span style=\"color: #172547;\"><b>MAYA Tulum:<\/b><\/span><span style=\"font-weight: 400;\"> a sanctuary for those seeking sensory overload from the entrance to the most hidden corner, organically adapting every detail to its natural surroundings.<\/span><\/p><p><span style=\"color: #172547;\"><b> MAYA Tulum<\/b><\/span><span style=\"font-weight: 400;\">\u00a0is located in the heart of the city of dawn, Tulum, becoming\u00a0<\/span><span style=\"font-weight: 400;\">en <\/span><span style=\"color: #172547;\"><b>one of the leading hotels in providing an experience of absolute tranquility.<\/b><\/span><\/p>\t\t\t\t\t\t\t\t<\/div>\n\t\t\t\t<\/div>\n\t\t\t\t<div class=\"elementor-element elementor-element-11113a0e elementor-invisible elementor-widget elementor-widget-image\" data-id=\"11113a0e\" data-element_type=\"widget\" data-settings=\"{&quot;_animation&quot;:&quot;fadeInUp&quot;}\" data-widget_type=\"image.default\">\n\t\t\t\t<div class=\"elementor-widget-container\">\n\t\t\t\t\t\t\t\t\t\t\t\t\t\t\t<img fetchpriority=\"high\" decoding=\"async\" width=\"1024\" height=\"683\" src=\"https:\/\/ghotels.com.mx\/wp-content\/uploads\/2025\/01\/Maya-Tulum-2024-35-1-1024x683-1.jpg\" class=\"attachment-full size-full wp-image-6384\" alt=\"\" srcset=\"https:\/\/ghotels.com.mx\/wp-content\/uploads\/2025\/01\/Maya-Tulum-2024-35-1-1024x683-1.jpg 1024w, https:\/\/ghotels.com.mx\/wp-content\/uploads\/2025\/01\/Maya-Tulum-2024-35-1-1024x683-1-300x200.jpg 300w, https:\/\/ghotels.com.mx\/wp-content\/uploads\/2025\/01\/Maya-Tulum-2024-35-1-1024x683-1-768x512.jpg 768w, https:\/\/ghotels.com.mx\/wp-content\/uploads\/2025\/01\/Maya-Tulum-2024-35-1-1024x683-1-600x400.jpg 600w\" sizes=\"(max-width: 1024px) 100vw, 1024px\" \/>\t\t\t\t\t\t\t\t\t\t\t\t\t\t\t<\/div>\n\t\t\t\t<\/div>\n\t\t\t\t<\/div>\n\t\t<div class=\"elementor-element elementor-element-21a673ca e-con-full e-flex e-con e-child\" data-id=\"21a673ca\" data-element_type=\"container\">\n\t\t\t\t<div class=\"elementor-element elementor-element-4c002270 elementor-invisible elementor-widget elementor-widget-image\" data-id=\"4c002270\" data-element_type=\"widget\" data-settings=\"{&quot;_animation&quot;:&quot;fadeInUp&quot;}\" data-widget_type=\"image.default\">\n\t\t\t\t<div class=\"elementor-widget-container\">\n\t\t\t\t\t\t\t\t\t\t\t\t\t\t\t<img decoding=\"async\" width=\"683\" height=\"1024\" src=\"https:\/\/ghotels.com.mx\/wp-content\/uploads\/2025\/01\/Maya-Tulum-2024-44-683x1024-1.jpg\" class=\"attachment-full size-full wp-image-6385\" alt=\"\" srcset=\"https:\/\/ghotels.com.mx\/wp-content\/uploads\/2025\/01\/Maya-Tulum-2024-44-683x1024-1.jpg 683w, https:\/\/ghotels.com.mx\/wp-content\/uploads\/2025\/01\/Maya-Tulum-2024-44-683x1024-1-200x300.jpg 200w, https:\/\/ghotels.com.mx\/wp-content\/uploads\/2025\/01\/Maya-Tulum-2024-44-683x1024-1-600x900.jpg 600w\" sizes=\"(max-width: 683px) 100vw, 683px\" \/>\t\t\t\t\t\t\t\t\t\t\t\t\t\t\t<\/div>\n\t\t\t\t<\/div>\n\t\t\t\t<\/div>\n\t\t\t\t\t<\/div>\n\t\t\t\t<\/div>\n\t\t<div class=\"elementor-element elementor-element-1849bebf e-flex e-con-boxed e-con e-parent\" data-id=\"1849bebf\" data-element_type=\"container\">\n\t\t\t\t\t<div class=\"e-con-inner\">\n\t\t<div class=\"elementor-element elementor-element-39be9557 e-con-full e-flex e-con e-child\" data-id=\"39be9557\" data-element_type=\"container\">\n\t\t\t\t<div class=\"elementor-element elementor-element-6f13ab69 elementor-widget elementor-widget-gallery\" data-id=\"6f13ab69\" data-element_type=\"widget\" data-settings=\"{&quot;gallery_layout&quot;:&quot;masonry&quot;,&quot;columns&quot;:3,&quot;gap&quot;:{&quot;unit&quot;:&quot;px&quot;,&quot;size&quot;:20,&quot;sizes&quot;:[]},&quot;lazyload&quot;:&quot;yes&quot;,&quot;columns_tablet&quot;:2,&quot;columns_mobile&quot;:1,&quot;gap_tablet&quot;:{&quot;unit&quot;:&quot;px&quot;,&quot;size&quot;:10,&quot;sizes&quot;:[]},&quot;gap_mobile&quot;:{&quot;unit&quot;:&quot;px&quot;,&quot;size&quot;:10,&quot;sizes&quot;:[]},&quot;link_to&quot;:&quot;file&quot;,&quot;overlay_background&quot;:&quot;yes&quot;,&quot;content_hover_animation&quot;:&quot;fade-in&quot;}\" data-widget_type=\"gallery.default\">\n\t\t\t\t<div class=\"elementor-widget-container\">\n\t\t\t\t\t\t\t<div class=\"elementor-gallery__container\">\n\t\t\t\t\t\t\t<a class=\"e-gallery-item elementor-gallery-item elementor-animated-content\" href=\"https:\/\/ghotels.com.mx\/wp-content\/uploads\/2025\/05\/Maya-Tulum-2024-70_11zon-scaled-1.webp\" data-elementor-open-lightbox=\"yes\" data-elementor-lightbox-slideshow=\"6f13ab69\" data-elementor-lightbox-title=\"Maya-Tulum-2024-70_11zon-scaled\" data-e-action-hash=\"#elementor-action%3Aaction%3Dlightbox%26settings%3DeyJpZCI6ODU5NSwidXJsIjoiaHR0cHM6XC9cL2dob3RlbHMuY29tLm14XC93cC1jb250ZW50XC91cGxvYWRzXC8yMDI1XC8wNVwvTWF5YS1UdWx1bS0yMDI0LTcwXzExem9uLXNjYWxlZC0xLndlYnAiLCJzbGlkZXNob3ciOiI2ZjEzYWI2OSJ9\">\n\t\t\t\t\t<div class=\"e-gallery-image elementor-gallery-item__image\" data-thumbnail=\"https:\/\/ghotels.com.mx\/wp-content\/uploads\/2025\/05\/Maya-Tulum-2024-70_11zon-scaled-1.webp\" data-width=\"2560\" data-height=\"1707\" aria-label=\"\" role=\"img\" ><\/div>\n\t\t\t\t\t\t\t\t\t\t\t<div class=\"elementor-gallery-item__overlay\"><\/div>\n\t\t\t\t\t\t\t\t\t\t\t\t\t\t<\/a>\n\t\t\t\t\t\t\t<a class=\"e-gallery-item elementor-gallery-item elementor-animated-content\" href=\"https:\/\/ghotels.com.mx\/wp-content\/uploads\/2025\/05\/MKT_MAYA_-40-1.jpg\" data-elementor-open-lightbox=\"yes\" data-elementor-lightbox-slideshow=\"6f13ab69\" data-elementor-lightbox-title=\"MKT_MAYA_-40-1\" data-e-action-hash=\"#elementor-action%3Aaction%3Dlightbox%26settings%3DeyJpZCI6ODYwOCwidXJsIjoiaHR0cHM6XC9cL2dob3RlbHMuY29tLm14XC93cC1jb250ZW50XC91cGxvYWRzXC8yMDI1XC8wNVwvTUtUX01BWUFfLTQwLTEuanBnIiwic2xpZGVzaG93IjoiNmYxM2FiNjkifQ%3D%3D\">\n\t\t\t\t\t<div class=\"e-gallery-image elementor-gallery-item__image\" data-thumbnail=\"https:\/\/ghotels.com.mx\/wp-content\/uploads\/2025\/05\/MKT_MAYA_-40-1.jpg\" data-width=\"1000\" data-height=\"700\" aria-label=\"\" role=\"img\" ><\/div>\n\t\t\t\t\t\t\t\t\t\t\t<div class=\"elementor-gallery-item__overlay\"><\/div>\n\t\t\t\t\t\t\t\t\t\t\t\t\t\t<\/a>\n\t\t\t\t\t\t\t<a class=\"e-gallery-item elementor-gallery-item elementor-animated-content\" href=\"https:\/\/ghotels.com.mx\/wp-content\/uploads\/2025\/05\/DSC1756_11zon-scaled-1.webp\" data-elementor-open-lightbox=\"yes\" data-elementor-lightbox-slideshow=\"6f13ab69\" data-elementor-lightbox-title=\"DSC1756_11zon-scaled\" data-e-action-hash=\"#elementor-action%3Aaction%3Dlightbox%26settings%3DeyJpZCI6ODY0OCwidXJsIjoiaHR0cHM6XC9cL2dob3RlbHMuY29tLm14XC93cC1jb250ZW50XC91cGxvYWRzXC8yMDI1XC8wNVwvRFNDMTc1Nl8xMXpvbi1zY2FsZWQtMS53ZWJwIiwic2xpZGVzaG93IjoiNmYxM2FiNjkifQ%3D%3D\">\n\t\t\t\t\t<div class=\"e-gallery-image elementor-gallery-item__image\" data-thumbnail=\"https:\/\/ghotels.com.mx\/wp-content\/uploads\/2025\/05\/DSC1756_11zon-scaled-1.webp\" data-width=\"1707\" data-height=\"2560\" aria-label=\"\" role=\"img\" ><\/div>\n\t\t\t\t\t\t\t\t\t\t\t<div class=\"elementor-gallery-item__overlay\"><\/div>\n\t\t\t\t\t\t\t\t\t\t\t\t\t\t<\/a>\n\t\t\t\t\t\t\t<a class=\"e-gallery-item elementor-gallery-item elementor-animated-content\" href=\"https:\/\/ghotels.com.mx\/wp-content\/uploads\/2025\/01\/Maya-Tulum-2024-94-1024x683-1.jpg\" data-elementor-open-lightbox=\"yes\" data-elementor-lightbox-slideshow=\"6f13ab69\" data-elementor-lightbox-title=\"Maya-Tulum-2024-94-1024x683\" data-e-action-hash=\"#elementor-action%3Aaction%3Dlightbox%26settings%3DeyJpZCI6NjM5MCwidXJsIjoiaHR0cHM6XC9cL2dob3RlbHMuY29tLm14XC93cC1jb250ZW50XC91cGxvYWRzXC8yMDI1XC8wMVwvTWF5YS1UdWx1bS0yMDI0LTk0LTEwMjR4NjgzLTEuanBnIiwic2xpZGVzaG93IjoiNmYxM2FiNjkifQ%3D%3D\">\n\t\t\t\t\t<div class=\"e-gallery-image elementor-gallery-item__image\" data-thumbnail=\"https:\/\/ghotels.com.mx\/wp-content\/uploads\/2025\/01\/Maya-Tulum-2024-94-1024x683-1.jpg\" data-width=\"1024\" data-height=\"683\" aria-label=\"\" role=\"img\" ><\/div>\n\t\t\t\t\t\t\t\t\t\t\t<div class=\"elementor-gallery-item__overlay\"><\/div>\n\t\t\t\t\t\t\t\t\t\t\t\t\t\t<\/a>\n\t\t\t\t\t\t\t<a class=\"e-gallery-item elementor-gallery-item elementor-animated-content\" href=\"https:\/\/ghotels.com.mx\/wp-content\/uploads\/2025\/01\/Maya-Tulum-2024-26-1024x683-1.jpg\" data-elementor-open-lightbox=\"yes\" data-elementor-lightbox-slideshow=\"6f13ab69\" data-elementor-lightbox-title=\"Maya-Tulum-2024-26-1024x683\" data-e-action-hash=\"#elementor-action%3Aaction%3Dlightbox%26settings%3DeyJpZCI6NjM4MywidXJsIjoiaHR0cHM6XC9cL2dob3RlbHMuY29tLm14XC93cC1jb250ZW50XC91cGxvYWRzXC8yMDI1XC8wMVwvTWF5YS1UdWx1bS0yMDI0LTI2LTEwMjR4NjgzLTEuanBnIiwic2xpZGVzaG93IjoiNmYxM2FiNjkifQ%3D%3D\">\n\t\t\t\t\t<div class=\"e-gallery-image elementor-gallery-item__image\" data-thumbnail=\"https:\/\/ghotels.com.mx\/wp-content\/uploads\/2025\/01\/Maya-Tulum-2024-26-1024x683-1.jpg\" data-width=\"1024\" data-height=\"683\" aria-label=\"\" role=\"img\" ><\/div>\n\t\t\t\t\t\t\t\t\t\t\t<div class=\"elementor-gallery-item__overlay\"><\/div>\n\t\t\t\t\t\t\t\t\t\t\t\t\t\t<\/a>\n\t\t\t\t\t\t\t<a class=\"e-gallery-item elementor-gallery-item elementor-animated-content\" href=\"https:\/\/ghotels.com.mx\/wp-content\/uploads\/2025\/05\/3450_11zon-scaled-1.webp\" data-elementor-open-lightbox=\"yes\" data-elementor-lightbox-slideshow=\"6f13ab69\" data-elementor-lightbox-title=\"3450_11zon-scaled\" data-e-action-hash=\"#elementor-action%3Aaction%3Dlightbox%26settings%3DeyJpZCI6ODYwMywidXJsIjoiaHR0cHM6XC9cL2dob3RlbHMuY29tLm14XC93cC1jb250ZW50XC91cGxvYWRzXC8yMDI1XC8wNVwvMzQ1MF8xMXpvbi1zY2FsZWQtMS53ZWJwIiwic2xpZGVzaG93IjoiNmYxM2FiNjkifQ%3D%3D\">\n\t\t\t\t\t<div class=\"e-gallery-image elementor-gallery-item__image\" data-thumbnail=\"https:\/\/ghotels.com.mx\/wp-content\/uploads\/2025\/05\/3450_11zon-scaled-1.webp\" data-width=\"2560\" data-height=\"1920\" aria-label=\"\" role=\"img\" ><\/div>\n\t\t\t\t\t\t\t\t\t\t\t<div class=\"elementor-gallery-item__overlay\"><\/div>\n\t\t\t\t\t\t\t\t\t\t\t\t\t\t<\/a>\n\t\t\t\t\t\t\t<a class=\"e-gallery-item elementor-gallery-item elementor-animated-content\" href=\"https:\/\/ghotels.com.mx\/wp-content\/uploads\/2025\/01\/Maya-Tulum-2024-79-1024x683-1.jpg\" data-elementor-open-lightbox=\"yes\" data-elementor-lightbox-slideshow=\"6f13ab69\" data-elementor-lightbox-title=\"Maya-Tulum-2024-79-1024x683\" data-e-action-hash=\"#elementor-action%3Aaction%3Dlightbox%26settings%3DeyJpZCI6NjM4OCwidXJsIjoiaHR0cHM6XC9cL2dob3RlbHMuY29tLm14XC93cC1jb250ZW50XC91cGxvYWRzXC8yMDI1XC8wMVwvTWF5YS1UdWx1bS0yMDI0LTc5LTEwMjR4NjgzLTEuanBnIiwic2xpZGVzaG93IjoiNmYxM2FiNjkifQ%3D%3D\">\n\t\t\t\t\t<div class=\"e-gallery-image elementor-gallery-item__image\" data-thumbnail=\"https:\/\/ghotels.com.mx\/wp-content\/uploads\/2025\/01\/Maya-Tulum-2024-79-1024x683-1.jpg\" data-width=\"1024\" data-height=\"683\" aria-label=\"\" role=\"img\" ><\/div>\n\t\t\t\t\t\t\t\t\t\t\t<div class=\"elementor-gallery-item__overlay\"><\/div>\n\t\t\t\t\t\t\t\t\t\t\t\t\t\t<\/a>\n\t\t\t\t\t\t\t<a class=\"e-gallery-item elementor-gallery-item elementor-animated-content\" href=\"https:\/\/ghotels.com.mx\/wp-content\/uploads\/2025\/01\/Maya-Tulum-2024-15-683x1024-1.jpg\" data-elementor-open-lightbox=\"yes\" data-elementor-lightbox-slideshow=\"6f13ab69\" data-elementor-lightbox-title=\"Maya-Tulum-2024-15-683x1024\" data-e-action-hash=\"#elementor-action%3Aaction%3Dlightbox%26settings%3DeyJpZCI6NjM4MiwidXJsIjoiaHR0cHM6XC9cL2dob3RlbHMuY29tLm14XC93cC1jb250ZW50XC91cGxvYWRzXC8yMDI1XC8wMVwvTWF5YS1UdWx1bS0yMDI0LTE1LTY4M3gxMDI0LTEuanBnIiwic2xpZGVzaG93IjoiNmYxM2FiNjkifQ%3D%3D\">\n\t\t\t\t\t<div class=\"e-gallery-image elementor-gallery-item__image\" data-thumbnail=\"https:\/\/ghotels.com.mx\/wp-content\/uploads\/2025\/01\/Maya-Tulum-2024-15-683x1024-1.jpg\" data-width=\"683\" data-height=\"1024\" aria-label=\"\" role=\"img\" ><\/div>\n\t\t\t\t\t\t\t\t\t\t\t<div class=\"elementor-gallery-item__overlay\"><\/div>\n\t\t\t\t\t\t\t\t\t\t\t\t\t\t<\/a>\n\t\t\t\t\t\t\t<a class=\"e-gallery-item elementor-gallery-item elementor-animated-content\" href=\"https:\/\/ghotels.com.mx\/wp-content\/uploads\/2025\/01\/Maya-Tulum-2024-104-1024x683-1.jpg\" data-elementor-open-lightbox=\"yes\" data-elementor-lightbox-slideshow=\"6f13ab69\" data-elementor-lightbox-title=\"Maya-Tulum-2024-104-1024x683\" data-e-action-hash=\"#elementor-action%3Aaction%3Dlightbox%26settings%3DeyJpZCI6NjM5MSwidXJsIjoiaHR0cHM6XC9cL2dob3RlbHMuY29tLm14XC93cC1jb250ZW50XC91cGxvYWRzXC8yMDI1XC8wMVwvTWF5YS1UdWx1bS0yMDI0LTEwNC0xMDI0eDY4My0xLmpwZyIsInNsaWRlc2hvdyI6IjZmMTNhYjY5In0%3D\">\n\t\t\t\t\t<div class=\"e-gallery-image elementor-gallery-item__image\" data-thumbnail=\"https:\/\/ghotels.com.mx\/wp-content\/uploads\/2025\/01\/Maya-Tulum-2024-104-1024x683-1.jpg\" data-width=\"1024\" data-height=\"683\" aria-label=\"\" role=\"img\" ><\/div>\n\t\t\t\t\t\t\t\t\t\t\t<div class=\"elementor-gallery-item__overlay\"><\/div>\n\t\t\t\t\t\t\t\t\t\t\t\t\t\t<\/a>\n\t\t\t\t\t\t\t<a class=\"e-gallery-item elementor-gallery-item elementor-animated-content\" href=\"https:\/\/ghotels.com.mx\/wp-content\/uploads\/2025\/01\/Maya-Tulum-2024-61-1024x683-1.jpg\" data-elementor-open-lightbox=\"yes\" data-elementor-lightbox-slideshow=\"6f13ab69\" data-elementor-lightbox-title=\"Maya-Tulum-2024-61-1024x683\" data-e-action-hash=\"#elementor-action%3Aaction%3Dlightbox%26settings%3DeyJpZCI6NjM4NiwidXJsIjoiaHR0cHM6XC9cL2dob3RlbHMuY29tLm14XC93cC1jb250ZW50XC91cGxvYWRzXC8yMDI1XC8wMVwvTWF5YS1UdWx1bS0yMDI0LTYxLTEwMjR4NjgzLTEuanBnIiwic2xpZGVzaG93IjoiNmYxM2FiNjkifQ%3D%3D\">\n\t\t\t\t\t<div class=\"e-gallery-image elementor-gallery-item__image\" data-thumbnail=\"https:\/\/ghotels.com.mx\/wp-content\/uploads\/2025\/01\/Maya-Tulum-2024-61-1024x683-1.jpg\" data-width=\"1024\" data-height=\"683\" aria-label=\"\" role=\"img\" ><\/div>\n\t\t\t\t\t\t\t\t\t\t\t<div class=\"elementor-gallery-item__overlay\"><\/div>\n\t\t\t\t\t\t\t\t\t\t\t\t\t\t<\/a>\n\t\t\t\t\t\t\t<a class=\"e-gallery-item elementor-gallery-item elementor-animated-content\" href=\"https:\/\/ghotels.com.mx\/wp-content\/uploads\/2025\/05\/Rooms-Day-Zero-Festival-Hotel-Accomodation-Tulum-Mexico.jpg\" data-elementor-open-lightbox=\"yes\" data-elementor-lightbox-slideshow=\"6f13ab69\" data-elementor-lightbox-title=\"Rooms-Day-Zero-Festival-Hotel-Accomodation-Tulum-Mexico\" data-e-action-hash=\"#elementor-action%3Aaction%3Dlightbox%26settings%3DeyJpZCI6ODYwNCwidXJsIjoiaHR0cHM6XC9cL2dob3RlbHMuY29tLm14XC93cC1jb250ZW50XC91cGxvYWRzXC8yMDI1XC8wNVwvUm9vbXMtRGF5LVplcm8tRmVzdGl2YWwtSG90ZWwtQWNjb21vZGF0aW9uLVR1bHVtLU1leGljby5qcGciLCJzbGlkZXNob3ciOiI2ZjEzYWI2OSJ9\">\n\t\t\t\t\t<div class=\"e-gallery-image elementor-gallery-item__image\" data-thumbnail=\"https:\/\/ghotels.com.mx\/wp-content\/uploads\/2025\/05\/Rooms-Day-Zero-Festival-Hotel-Accomodation-Tulum-Mexico.jpg\" data-width=\"1600\" data-height=\"898\" aria-label=\"\" role=\"img\" ><\/div>\n\t\t\t\t\t\t\t\t\t\t\t<div class=\"elementor-gallery-item__overlay\"><\/div>\n\t\t\t\t\t\t\t\t\t\t\t\t\t\t<\/a>\n\t\t\t\t\t\t\t<a class=\"e-gallery-item elementor-gallery-item elementor-animated-content\" href=\"https:\/\/ghotels.com.mx\/wp-content\/uploads\/2025\/01\/Maya-Tulum-2024-87-1024x683-1.jpg\" data-elementor-open-lightbox=\"yes\" data-elementor-lightbox-slideshow=\"6f13ab69\" data-elementor-lightbox-title=\"Maya-Tulum-2024-87-1024x683\" data-e-action-hash=\"#elementor-action%3Aaction%3Dlightbox%26settings%3DeyJpZCI6NjM4OSwidXJsIjoiaHR0cHM6XC9cL2dob3RlbHMuY29tLm14XC93cC1jb250ZW50XC91cGxvYWRzXC8yMDI1XC8wMVwvTWF5YS1UdWx1bS0yMDI0LTg3LTEwMjR4NjgzLTEuanBnIiwic2xpZGVzaG93IjoiNmYxM2FiNjkifQ%3D%3D\">\n\t\t\t\t\t<div class=\"e-gallery-image elementor-gallery-item__image\" data-thumbnail=\"https:\/\/ghotels.com.mx\/wp-content\/uploads\/2025\/01\/Maya-Tulum-2024-87-1024x683-1.jpg\" data-width=\"1024\" data-height=\"683\" aria-label=\"\" role=\"img\" ><\/div>\n\t\t\t\t\t\t\t\t\t\t\t<div class=\"elementor-gallery-item__overlay\"><\/div>\n\t\t\t\t\t\t\t\t\t\t\t\t\t\t<\/a>\n\t\t\t\t\t\t\t<a class=\"e-gallery-item elementor-gallery-item elementor-animated-content\" href=\"https:\/\/ghotels.com.mx\/wp-content\/uploads\/2025\/05\/20250213_132957_11zon-scaled-1.webp\" data-elementor-open-lightbox=\"yes\" data-elementor-lightbox-slideshow=\"6f13ab69\" data-elementor-lightbox-title=\"20250213_132957_11zon-scaled\" data-e-action-hash=\"#elementor-action%3Aaction%3Dlightbox%26settings%3DeyJpZCI6ODY0OSwidXJsIjoiaHR0cHM6XC9cL2dob3RlbHMuY29tLm14XC93cC1jb250ZW50XC91cGxvYWRzXC8yMDI1XC8wNVwvMjAyNTAyMTNfMTMyOTU3XzExem9uLXNjYWxlZC0xLndlYnAiLCJzbGlkZXNob3ciOiI2ZjEzYWI2OSJ9\">\n\t\t\t\t\t<div class=\"e-gallery-image elementor-gallery-item__image\" data-thumbnail=\"https:\/\/ghotels.com.mx\/wp-content\/uploads\/2025\/05\/20250213_132957_11zon-scaled-1.webp\" data-width=\"2560\" data-height=\"1441\" aria-label=\"\" role=\"img\" ><\/div>\n\t\t\t\t\t\t\t\t\t\t\t<div class=\"elementor-gallery-item__overlay\"><\/div>\n\t\t\t\t\t\t\t\t\t\t\t\t\t\t<\/a>\n\t\t\t\t\t<\/div>\n\t\t\t\t\t<\/div>\n\t\t\t\t<\/div>\n\t\t\t\t<\/div>\n\t\t\t\t\t<\/div>\n\t\t\t\t<\/div>\n\t\t\t\t<\/div>","protected":false},"excerpt":{"rendered":"<p>Maya Tulum Donde la\u00a0tranqulidad y el lujo\u00a0se encuentran con la naturaleza. Visitar Hotel Maya Tulum Donde la\u00a0tranqulidad y el lujo\u00a0se encuentran con la naturaleza. Visitar Hotel Para\u00edso en el Caribe MAYA Tulum Paz, armon\u00eda y descanso. Esto es MAYA Tulum: un santuario para quienes buscan explosi\u00f3n sensorial desde la entrada hasta el rinc\u00f3n m\u00e1s escondido, adaptando org\u00e1nicamente cada detalle a [&hellip;]<\/p>","protected":false},"author":1,"featured_media":0,"parent":0,"menu_order":0,"comment_status":"closed","ping_status":"closed","template":"elementor_header_footer","meta":{"footnotes":""},"class_list":["post-6292","page","type-page","status-publish","hentry"],"_links":{"self":[{"href":"https:\/\/ghotels.com.mx\/en\/wp-json\/wp\/v2\/pages\/6292","targetHints":{"allow":["GET"]}}],"collection":[{"href":"https:\/\/ghotels.com.mx\/en\/wp-json\/wp\/v2\/pages"}],"about":[{"href":"https:\/\/ghotels.com.mx\/en\/wp-json\/wp\/v2\/types\/page"}],"author":[{"embeddable":true,"href":"https:\/\/ghotels.com.mx\/en\/wp-json\/wp\/v2\/users\/1"}],"replies":[{"embeddable":true,"href":"https:\/\/ghotels.com.mx\/en\/wp-json\/wp\/v2\/comments?post=6292"}],"version-history":[{"count":239,"href":"https:\/\/ghotels.com.mx\/en\/wp-json\/wp\/v2\/pages\/6292\/revisions"}],"predecessor-version":[{"id":11618,"href":"https:\/\/ghotels.com.mx\/en\/wp-json\/wp\/v2\/pages\/6292\/revisions\/11618"}],"wp:attachment":[{"href":"https:\/\/ghotels.com.mx\/en\/wp-json\/wp\/v2\/media?parent=6292"}],"curies":[{"name":"wp","href":"https:\/\/api.w.org\/{rel}","templated":true}]}}