{"id":12323,"date":"2026-03-06T22:44:45","date_gmt":"2026-03-06T22:44:45","guid":{"rendered":"https:\/\/ghotels.com.mx\/?page_id=12323"},"modified":"2026-03-10T23:14:27","modified_gmt":"2026-03-10T23:14:27","slug":"bolsa-de-trabajo-2","status":"publish","type":"page","link":"https:\/\/ghotels.com.mx\/en\/bolsa-de-trabajo-2\/","title":{"rendered":"Bolsa de Trabajo"},"content":{"rendered":"<div data-elementor-type=\"wp-page\" data-elementor-id=\"12323\" class=\"elementor elementor-12323\" data-elementor-post-type=\"page\">\n\t\t\t\t<div class=\"elementor-element elementor-element-364f1eac e-flex e-con-boxed elementor-invisible e-con e-parent\" data-id=\"364f1eac\" data-element_type=\"container\" data-settings=\"{&quot;background_background&quot;:&quot;slideshow&quot;,&quot;background_slideshow_gallery&quot;:[{&quot;id&quot;:8334,&quot;url&quot;:&quot;https:\\\/\\\/ghotels.com.mx\\\/wp-content\\\/uploads\\\/2025\\\/05\\\/Captura-de-pantalla-2025-05-27-145138.png&quot;},{&quot;id&quot;:8992,&quot;url&quot;:&quot;https:\\\/\\\/ghotels.com.mx\\\/wp-content\\\/uploads\\\/2025\\\/06\\\/Terrace-King_06_11zon-scaled.webp&quot;},{&quot;id&quot;:9080,&quot;url&quot;:&quot;https:\\\/\\\/ghotels.com.mx\\\/wp-content\\\/uploads\\\/2025\\\/06\\\/IMG_9015_15_11zon-scaled.webp&quot;},{&quot;id&quot;:8876,&quot;url&quot;:&quot;https:\\\/\\\/ghotels.com.mx\\\/wp-content\\\/uploads\\\/2025\\\/06\\\/tago_recuadro_home_tulum_ghotels_11zon.webp&quot;},{&quot;id&quot;:8604,&quot;url&quot;:&quot;https:\\\/\\\/ghotels.com.mx\\\/wp-content\\\/uploads\\\/2025\\\/05\\\/Rooms-Day-Zero-Festival-Hotel-Accomodation-Tulum-Mexico.jpg&quot;},{&quot;id&quot;:8782,&quot;url&quot;:&quot;https:\\\/\\\/ghotels.com.mx\\\/wp-content\\\/uploads\\\/2025\\\/05\\\/20250206_133831-1-scaled.jpg&quot;},{&quot;id&quot;:8596,&quot;url&quot;:&quot;https:\\\/\\\/ghotels.com.mx\\\/wp-content\\\/uploads\\\/2025\\\/05\\\/Tago-Tulum-2024-42_11zon-scaled-1.webp&quot;},{&quot;id&quot;:6407,&quot;url&quot;:&quot;https:\\\/\\\/ghotels.com.mx\\\/wp-content\\\/uploads\\\/2025\\\/01\\\/hive.jpg&quot;},{&quot;id&quot;:6421,&quot;url&quot;:&quot;https:\\\/\\\/ghotels.com.mx\\\/wp-content\\\/uploads\\\/2025\\\/01\\\/K1A1083_alt-scaled.jpg&quot;}],&quot;background_slideshow_ken_burns&quot;:&quot;yes&quot;,&quot;animation&quot;:&quot;fadeIn&quot;,&quot;background_slideshow_loop&quot;:&quot;yes&quot;,&quot;background_slideshow_slide_duration&quot;:5000,&quot;background_slideshow_slide_transition&quot;:&quot;fade&quot;,&quot;background_slideshow_transition_duration&quot;:500,&quot;background_slideshow_ken_burns_zoom_direction&quot;:&quot;in&quot;}\">\n\t\t\t\t\t<div class=\"e-con-inner\">\n\t\t<div class=\"elementor-element elementor-element-25d969cd e-con-full e-flex e-con e-child\" data-id=\"25d969cd\" data-element_type=\"container\">\n\t\t<div class=\"elementor-element elementor-element-203d10a1 e-con-full e-flex e-con e-child\" data-id=\"203d10a1\" data-element_type=\"container\">\n\t\t\t\t<div class=\"elementor-element elementor-element-d8e4783 elementor-widget__width-initial elementor-widget-mobile__width-inherit elementor-invisible elementor-widget elementor-widget-text-editor\" data-id=\"d8e4783\" data-element_type=\"widget\" data-settings=\"{&quot;_animation&quot;:&quot;fadeInUp&quot;}\" data-widget_type=\"text-editor.default\">\n\t\t\t\t<div class=\"elementor-widget-container\">\n\t\t\t\t\t\t\t\t\t<p><span style=\"font-weight: 400;\">GLOBAL CONCEPT BOUTIQUE &amp; SMART HOTELS<\/span><\/p>\t\t\t\t\t\t\t\t<\/div>\n\t\t\t\t<\/div>\n\t\t\t\t<\/div>\n\t\t<div class=\"elementor-element elementor-element-935a823 e-con-full e-flex e-con e-child\" data-id=\"935a823\" data-element_type=\"container\">\n\t\t\t\t<div class=\"elementor-element elementor-element-ec67052 elementor-widget__width-initial elementor-widget elementor-widget-text-editor\" data-id=\"ec67052\" data-element_type=\"widget\" data-widget_type=\"text-editor.default\">\n\t\t\t\t<div class=\"elementor-widget-container\">\n\t\t\t\t\t\t\t\t\t<span style=\"color: #ffffff;\">At <b data-path-to-node=\"5\" data-index-in-node=\"3\">G Hotels<\/b>, la excelencia no es un objetivo, es nuestro est\u00e1ndar. <br><br>Buscamos mentes innovadoras y profesionales apasionados por la hoteleria, la hospitalidad y el detalle, que deseen redefinir la experiencia del lujo contempor\u00e1neo.<\/span>\t\t\t\t\t\t\t\t<\/div>\n\t\t\t\t<\/div>\n\t\t\t\t<div class=\"elementor-element elementor-element-5f5ebe8 elementor-widget__width-initial elementor-widget elementor-widget-spacer\" data-id=\"5f5ebe8\" data-element_type=\"widget\" data-widget_type=\"spacer.default\">\n\t\t\t\t<div class=\"elementor-widget-container\">\n\t\t\t\t\t\t\t<div class=\"elementor-spacer\">\n\t\t\t<div class=\"elementor-spacer-inner\"><\/div>\n\t\t<\/div>\n\t\t\t\t\t\t<\/div>\n\t\t\t\t<\/div>\n\t\t\t\t<\/div>\n\t\t\t\t<\/div>\n\t\t\t\t\t<\/div>\n\t\t\t\t<\/div>\n\t\t<div class=\"elementor-element elementor-element-2b17f52b e-flex e-con-boxed e-con e-parent\" data-id=\"2b17f52b\" data-element_type=\"container\">\n\t\t\t\t\t<div class=\"e-con-inner\">\n\t\t<div class=\"elementor-element elementor-element-51db17e8 e-con-full e-flex e-con e-child\" data-id=\"51db17e8\" data-element_type=\"container\">\n\t\t\t\t<div class=\"elementor-element elementor-element-731a00d4 elementor-invisible elementor-widget elementor-widget-heading\" data-id=\"731a00d4\" data-element_type=\"widget\" data-settings=\"{&quot;_animation&quot;:&quot;fadeInUp&quot;}\" data-widget_type=\"heading.default\">\n\t\t\t\t<div class=\"elementor-widget-container\">\n\t\t\t\t\t<h2 class=\"elementor-heading-title elementor-size-default\">Trabaja con nosotros<\/h2>\t\t\t\t<\/div>\n\t\t\t\t<\/div>\n\t\t\t\t<div class=\"elementor-element elementor-element-dad5f20 elementor-invisible elementor-widget elementor-widget-heading\" data-id=\"dad5f20\" data-element_type=\"widget\" data-settings=\"{&quot;_animation&quot;:&quot;fadeInUp&quot;}\" data-widget_type=\"heading.default\">\n\t\t\t\t<div class=\"elementor-widget-container\">\n\t\t\t\t\t<h2 class=\"elementor-heading-title elementor-size-default\">Career Opportunities <br><b> G Hotels<\/b><\/h2>\t\t\t\t<\/div>\n\t\t\t\t<\/div>\n\t\t\t\t<div class=\"elementor-element elementor-element-6fb23be2 elementor-invisible elementor-widget elementor-widget-text-editor\" data-id=\"6fb23be2\" data-element_type=\"widget\" data-settings=\"{&quot;_animation&quot;:&quot;fadeInUp&quot;}\" data-widget_type=\"text-editor.default\">\n\t\t\t\t<div class=\"elementor-widget-container\">\n\t\t\t\t\t\t\t\t\t<h3 data-path-to-node=\"4\"><b data-path-to-node=\"4\" data-index-in-node=\"0\">Elevando el est\u00e1ndar de la hospitalidad<\/b><\/h3><p data-path-to-node=\"6\">Nuestra filosof\u00eda se basa en el talento humano como el activo m\u00e1s valioso de nuestra colecci\u00f3n de hoteles. Si tu visi\u00f3n del servicio se alinea con la sofisticaci\u00f3n, el compromiso y la impecabilidad, te invitamos a proyectar tu carrera con nosotros.<\/p><hr data-path-to-node=\"7\" \/><h3 data-path-to-node=\"8\"><b data-path-to-node=\"8\" data-index-in-node=\"0\">Tu proceso de postulaci\u00f3n<\/b><\/h3><p data-path-to-node=\"9\">Para ser considerado en nuestros procesos de selecci\u00f3n estrat\u00e9gicos, por favor env\u00eda tu Curriculum Vitae C.V. al correo <a href=\"mailto:l.licea@ggroupmx.com\"><strong>l.licea@ggroupmx.com<\/strong><\/a>, indicando en el &#8220;asunto&#8221; la vacante a la que aplicas.<br \/>La precisi\u00f3n en tu informaci\u00f3n es el primer paso hacia una trayectoria de \u00e9xito en nuestra firma.<\/p><p data-path-to-node=\"10,1,0\"><b data-path-to-node=\"10,1,0\" data-index-in-node=\"0\">Documentaci\u00f3n:<\/b> Adjunta tu <b data-path-to-node=\"10,1,0\" data-index-in-node=\"26\">Curriculum Vitae<\/b> y, opcionalmente, un <b data-path-to-node=\"10,1,0\" data-index-in-node=\"64\">Portafolio de Trayectoria<\/b> o Carta de Motivos.<\/p><p data-path-to-node=\"10,2,0\"><b data-path-to-node=\"10,2,0\" data-index-in-node=\"0\">Formatos admitidos:<\/b> Priorizamos archivos en formato <b data-path-to-node=\"10,2,0\" data-index-in-node=\"52\">PDF<\/b> para asegurar la integridad de tu presentaci\u00f3n.<\/p><p data-path-to-node=\"10,2,0\">\u00a0<\/p><p data-path-to-node=\"10,2,0\">\u00a0<\/p><p data-path-to-node=\"10,2,0\">\u00a0<\/p><p data-path-to-node=\"10,2,0\">\u00a0<\/p><blockquote data-path-to-node=\"11\"><p data-path-to-node=\"11,0\"><b data-path-to-node=\"11,0\" data-index-in-node=\"0\">Compromiso G Hotels:<\/b> Tratamos cada perfil con absoluta confidencialidad y rigor profesional. Tu talento merece un an\u00e1lisis detallado.<\/p><\/blockquote>\t\t\t\t\t\t\t\t<\/div>\n\t\t\t\t<\/div>\n\t\t\t\t<\/div>\n\t\t<div class=\"elementor-element elementor-element-66a9628c e-con-full e-flex e-con e-child\" data-id=\"66a9628c\" data-element_type=\"container\">\n\t\t\t\t<div class=\"elementor-element elementor-element-4f920603 elementor-invisible elementor-widget elementor-widget-image\" data-id=\"4f920603\" data-element_type=\"widget\" data-settings=\"{&quot;_animation&quot;:&quot;fadeInUp&quot;}\" data-widget_type=\"image.default\">\n\t\t\t\t<div class=\"elementor-widget-container\">\n\t\t\t\t\t\t\t\t\t\t\t\t\t\t\t<img fetchpriority=\"high\" decoding=\"async\" width=\"312\" height=\"366\" src=\"https:\/\/ghotels.com.mx\/wp-content\/uploads\/2026\/01\/Team-1-Good-Agency-1.png\" class=\"attachment-full size-full wp-image-12117\" alt=\"\" srcset=\"https:\/\/ghotels.com.mx\/wp-content\/uploads\/2026\/01\/Team-1-Good-Agency-1.png 312w, https:\/\/ghotels.com.mx\/wp-content\/uploads\/2026\/01\/Team-1-Good-Agency-1-256x300.png 256w, https:\/\/ghotels.com.mx\/wp-content\/uploads\/2026\/01\/Team-1-Good-Agency-1-10x12.png 10w\" sizes=\"(max-width: 312px) 100vw, 312px\" \/>\t\t\t\t\t\t\t\t\t\t\t\t\t\t\t<\/div>\n\t\t\t\t<\/div>\n\t\t\t\t<div class=\"elementor-element elementor-element-0eb444f elementor-widget elementor-widget-image\" data-id=\"0eb444f\" data-element_type=\"widget\" data-widget_type=\"image.default\">\n\t\t\t\t<div class=\"elementor-widget-container\">\n\t\t\t\t\t\t\t\t\t\t\t\t\t\t\t<img decoding=\"async\" width=\"2000\" height=\"2000\" src=\"https:\/\/ghotels.com.mx\/wp-content\/uploads\/2026\/01\/ghotels-call-to-action-bolsa-de-trabajo.png\" class=\"attachment-full size-full wp-image-12173\" alt=\"\" srcset=\"https:\/\/ghotels.com.mx\/wp-content\/uploads\/2026\/01\/ghotels-call-to-action-bolsa-de-trabajo.png 2000w, https:\/\/ghotels.com.mx\/wp-content\/uploads\/2026\/01\/ghotels-call-to-action-bolsa-de-trabajo-300x300.png 300w, https:\/\/ghotels.com.mx\/wp-content\/uploads\/2026\/01\/ghotels-call-to-action-bolsa-de-trabajo-1024x1024.png 1024w, https:\/\/ghotels.com.mx\/wp-content\/uploads\/2026\/01\/ghotels-call-to-action-bolsa-de-trabajo-150x150.png 150w, https:\/\/ghotels.com.mx\/wp-content\/uploads\/2026\/01\/ghotels-call-to-action-bolsa-de-trabajo-768x768.png 768w, https:\/\/ghotels.com.mx\/wp-content\/uploads\/2026\/01\/ghotels-call-to-action-bolsa-de-trabajo-1536x1536.png 1536w, https:\/\/ghotels.com.mx\/wp-content\/uploads\/2026\/01\/ghotels-call-to-action-bolsa-de-trabajo-12x12.png 12w, https:\/\/ghotels.com.mx\/wp-content\/uploads\/2026\/01\/ghotels-call-to-action-bolsa-de-trabajo-650x650.png 650w, https:\/\/ghotels.com.mx\/wp-content\/uploads\/2026\/01\/ghotels-call-to-action-bolsa-de-trabajo-1300x1300.png 1300w\" sizes=\"(max-width: 2000px) 100vw, 2000px\" \/>\t\t\t\t\t\t\t\t\t\t\t\t\t\t\t<\/div>\n\t\t\t\t<\/div>\n\t\t\t\t<div class=\"elementor-element elementor-element-db647a9 elementor-widget elementor-widget-text-editor\" data-id=\"db647a9\" data-element_type=\"widget\" data-widget_type=\"text-editor.default\">\n\t\t\t\t<div class=\"elementor-widget-container\">\n\t\t\t\t\t\t\t\t\t<div>VACANTES PARA CDMX<\/div><div><br \/>1. Gerente General<\/div><div>2.Analista de RH<\/div><div>3.Gerente de Finanzas<\/div><div>4.Auditor de Ingresos<\/div><div>5.Auditor de CxP (Cuentas por Pagar)<\/div><div>6.Auditor de CxC (Cuentas por Cobrar)<\/div><div>7.Auxiliar de Compras<\/div><div>8.Caja<\/div><div>9.Front Desk Manager<\/div><div>10.Auditor Nocturno<\/div><div>11.Recepcionista Biling\u00fce<\/div><div>12.Concierge<\/div><div>13.Bell Boy<\/div><div>14.Encargada de Ama de Llaves<\/div><div>15.Camarista<\/div><div>16.Lavander\u00eda<\/div><div>17.\u00c1reas P\u00fablicas<\/div><div>18.Seguridad<\/div><div>19.Jefe de Seguridad<\/div><div>20.Agente de Estacionamiento<\/div>\t\t\t\t\t\t\t\t<\/div>\n\t\t\t\t<\/div>\n\t\t\t\t<div class=\"elementor-element elementor-element-0d6876c elementor-align-center elementor-invisible elementor-widget elementor-widget-button\" data-id=\"0d6876c\" data-element_type=\"widget\" data-settings=\"{&quot;motion_fx_motion_fx_scrolling&quot;:&quot;yes&quot;,&quot;motion_fx_translateY_effect&quot;:&quot;yes&quot;,&quot;motion_fx_translateY_speed&quot;:{&quot;unit&quot;:&quot;px&quot;,&quot;size&quot;:2.8,&quot;sizes&quot;:[]},&quot;_animation&quot;:&quot;fadeInDown&quot;,&quot;motion_fx_translateY_affectedRange&quot;:{&quot;unit&quot;:&quot;%&quot;,&quot;size&quot;:&quot;&quot;,&quot;sizes&quot;:{&quot;start&quot;:0,&quot;end&quot;:100}},&quot;motion_fx_devices&quot;:[&quot;desktop&quot;,&quot;tablet&quot;,&quot;mobile&quot;]}\" data-widget_type=\"button.default\">\n\t\t\t\t<div class=\"elementor-widget-container\">\n\t\t\t\t\t\t\t\t\t<div class=\"elementor-button-wrapper\">\n\t\t\t\t\t<a class=\"elementor-button elementor-button-link elementor-size-sm\" href=\"mailto:l.licea@ggroupmx.com\">\n\t\t\t\t\t\t<span class=\"elementor-button-content-wrapper\">\n\t\t\t\t\t\t\t\t\t<span class=\"elementor-button-text\">Envia tu CV por correo<\/span>\n\t\t\t\t\t<\/span>\n\t\t\t\t\t<\/a>\n\t\t\t\t<\/div>\n\t\t\t\t\t\t\t\t<\/div>\n\t\t\t\t<\/div>\n\t\t\t\t<\/div>\n\t\t\t\t\t<\/div>\n\t\t\t\t<\/div>\n\t\t<div class=\"elementor-element elementor-element-40f95111 e-flex e-con-boxed e-con e-parent\" data-id=\"40f95111\" data-element_type=\"container\">\n\t\t\t\t\t<div class=\"e-con-inner\">\n\t\t<div class=\"elementor-element elementor-element-7e5a4d77 e-con-full e-flex e-con e-child\" data-id=\"7e5a4d77\" data-element_type=\"container\">\n\t\t\t\t<div class=\"elementor-element elementor-element-2921bc20 elementor-widget elementor-widget-gallery\" data-id=\"2921bc20\" data-element_type=\"widget\" data-settings=\"{&quot;gallery_layout&quot;:&quot;masonry&quot;,&quot;columns&quot;:3,&quot;gap&quot;:{&quot;unit&quot;:&quot;px&quot;,&quot;size&quot;:20,&quot;sizes&quot;:[]},&quot;lazyload&quot;:&quot;yes&quot;,&quot;columns_tablet&quot;:2,&quot;columns_mobile&quot;:1,&quot;gap_tablet&quot;:{&quot;unit&quot;:&quot;px&quot;,&quot;size&quot;:10,&quot;sizes&quot;:[]},&quot;gap_mobile&quot;:{&quot;unit&quot;:&quot;px&quot;,&quot;size&quot;:10,&quot;sizes&quot;:[]},&quot;link_to&quot;:&quot;file&quot;,&quot;overlay_background&quot;:&quot;yes&quot;,&quot;content_hover_animation&quot;:&quot;fade-in&quot;}\" data-widget_type=\"gallery.default\">\n\t\t\t\t<div class=\"elementor-widget-container\">\n\t\t\t\t\t\t\t<div class=\"elementor-gallery__container\">\n\t\t\t\t\t\t\t<a class=\"e-gallery-item elementor-gallery-item elementor-animated-content\" href=\"https:\/\/ghotels.com.mx\/wp-content\/uploads\/2026\/01\/G-Group-galeria.jpg\" data-elementor-open-lightbox=\"yes\" data-elementor-lightbox-slideshow=\"2921bc20\" data-elementor-lightbox-title=\"G Group galer\u00eda\" data-e-action-hash=\"#elementor-action%3Aaction%3Dlightbox%26settings%3DeyJpZCI6MTE5MTYsInVybCI6Imh0dHBzOlwvXC9naG90ZWxzLmNvbS5teFwvd3AtY29udGVudFwvdXBsb2Fkc1wvMjAyNlwvMDFcL0ctR3JvdXAtZ2FsZXJpYS5qcGciLCJzbGlkZXNob3ciOiIyOTIxYmMyMCJ9\">\n\t\t\t\t\t<div class=\"e-gallery-image elementor-gallery-item__image\" data-thumbnail=\"https:\/\/ghotels.com.mx\/wp-content\/uploads\/2026\/01\/G-Group-galeria.jpg\" data-width=\"823\" data-height=\"1024\" aria-label=\"\" role=\"img\" ><\/div>\n\t\t\t\t\t\t\t\t\t\t\t<div class=\"elementor-gallery-item__overlay\"><\/div>\n\t\t\t\t\t\t\t\t\t\t\t\t\t\t<\/a>\n\t\t\t\t\t\t\t<a class=\"e-gallery-item elementor-gallery-item elementor-animated-content\" href=\"https:\/\/ghotels.com.mx\/wp-content\/uploads\/2026\/01\/G-Group-galeria-7.jpg\" data-elementor-open-lightbox=\"yes\" data-elementor-lightbox-slideshow=\"2921bc20\" data-elementor-lightbox-title=\"G Group galer\u00eda 7\" data-e-action-hash=\"#elementor-action%3Aaction%3Dlightbox%26settings%3DeyJpZCI6MTE5NjAsInVybCI6Imh0dHBzOlwvXC9naG90ZWxzLmNvbS5teFwvd3AtY29udGVudFwvdXBsb2Fkc1wvMjAyNlwvMDFcL0ctR3JvdXAtZ2FsZXJpYS03LmpwZyIsInNsaWRlc2hvdyI6IjI5MjFiYzIwIn0%3D\">\n\t\t\t\t\t<div class=\"e-gallery-image elementor-gallery-item__image\" data-thumbnail=\"https:\/\/ghotels.com.mx\/wp-content\/uploads\/2026\/01\/G-Group-galeria-7.jpg\" data-width=\"823\" data-height=\"1024\" aria-label=\"\" role=\"img\" ><\/div>\n\t\t\t\t\t\t\t\t\t\t\t<div class=\"elementor-gallery-item__overlay\"><\/div>\n\t\t\t\t\t\t\t\t\t\t\t\t\t\t<\/a>\n\t\t\t\t\t\t\t<a class=\"e-gallery-item elementor-gallery-item elementor-animated-content\" href=\"https:\/\/ghotels.com.mx\/wp-content\/uploads\/2026\/01\/G-Group-galeria-3.jpg\" data-elementor-open-lightbox=\"yes\" data-elementor-lightbox-slideshow=\"2921bc20\" data-elementor-lightbox-title=\"G Group galer\u00eda 3\" data-e-action-hash=\"#elementor-action%3Aaction%3Dlightbox%26settings%3DeyJpZCI6MTE5MzQsInVybCI6Imh0dHBzOlwvXC9naG90ZWxzLmNvbS5teFwvd3AtY29udGVudFwvdXBsb2Fkc1wvMjAyNlwvMDFcL0ctR3JvdXAtZ2FsZXJpYS0zLmpwZyIsInNsaWRlc2hvdyI6IjI5MjFiYzIwIn0%3D\">\n\t\t\t\t\t<div class=\"e-gallery-image elementor-gallery-item__image\" data-thumbnail=\"https:\/\/ghotels.com.mx\/wp-content\/uploads\/2026\/01\/G-Group-galeria-3.jpg\" data-width=\"823\" data-height=\"1024\" aria-label=\"\" role=\"img\" ><\/div>\n\t\t\t\t\t\t\t\t\t\t\t<div class=\"elementor-gallery-item__overlay\"><\/div>\n\t\t\t\t\t\t\t\t\t\t\t\t\t\t<\/a>\n\t\t\t\t\t\t\t<a class=\"e-gallery-item elementor-gallery-item elementor-animated-content\" href=\"https:\/\/ghotels.com.mx\/wp-content\/uploads\/2026\/01\/G-Group-galeria-5.jpg\" data-elementor-open-lightbox=\"yes\" data-elementor-lightbox-slideshow=\"2921bc20\" data-elementor-lightbox-title=\"G Group galer\u00eda 5\" data-e-action-hash=\"#elementor-action%3Aaction%3Dlightbox%26settings%3DeyJpZCI6MTE5NDgsInVybCI6Imh0dHBzOlwvXC9naG90ZWxzLmNvbS5teFwvd3AtY29udGVudFwvdXBsb2Fkc1wvMjAyNlwvMDFcL0ctR3JvdXAtZ2FsZXJpYS01LmpwZyIsInNsaWRlc2hvdyI6IjI5MjFiYzIwIn0%3D\">\n\t\t\t\t\t<div class=\"e-gallery-image elementor-gallery-item__image\" data-thumbnail=\"https:\/\/ghotels.com.mx\/wp-content\/uploads\/2026\/01\/G-Group-galeria-5.jpg\" data-width=\"823\" data-height=\"1024\" aria-label=\"\" role=\"img\" ><\/div>\n\t\t\t\t\t\t\t\t\t\t\t<div class=\"elementor-gallery-item__overlay\"><\/div>\n\t\t\t\t\t\t\t\t\t\t\t\t\t\t<\/a>\n\t\t\t\t\t\t\t<a class=\"e-gallery-item elementor-gallery-item elementor-animated-content\" href=\"https:\/\/ghotels.com.mx\/wp-content\/uploads\/2026\/01\/G-Group-galeria-6.jpg\" data-elementor-open-lightbox=\"yes\" data-elementor-lightbox-slideshow=\"2921bc20\" data-elementor-lightbox-title=\"G Group galer\u00eda 6\" data-e-action-hash=\"#elementor-action%3Aaction%3Dlightbox%26settings%3DeyJpZCI6MTE5NTIsInVybCI6Imh0dHBzOlwvXC9naG90ZWxzLmNvbS5teFwvd3AtY29udGVudFwvdXBsb2Fkc1wvMjAyNlwvMDFcL0ctR3JvdXAtZ2FsZXJpYS02LmpwZyIsInNsaWRlc2hvdyI6IjI5MjFiYzIwIn0%3D\">\n\t\t\t\t\t<div class=\"e-gallery-image elementor-gallery-item__image\" data-thumbnail=\"https:\/\/ghotels.com.mx\/wp-content\/uploads\/2026\/01\/G-Group-galeria-6.jpg\" data-width=\"823\" data-height=\"1024\" aria-label=\"\" role=\"img\" ><\/div>\n\t\t\t\t\t\t\t\t\t\t\t<div class=\"elementor-gallery-item__overlay\"><\/div>\n\t\t\t\t\t\t\t\t\t\t\t\t\t\t<\/a>\n\t\t\t\t\t\t\t<a class=\"e-gallery-item elementor-gallery-item elementor-animated-content\" href=\"https:\/\/ghotels.com.mx\/wp-content\/uploads\/2026\/01\/G-Group-galeria-4.jpg\" data-elementor-open-lightbox=\"yes\" data-elementor-lightbox-slideshow=\"2921bc20\" data-elementor-lightbox-title=\"G Group galer\u00eda 4\" data-e-action-hash=\"#elementor-action%3Aaction%3Dlightbox%26settings%3DeyJpZCI6MTE5MzgsInVybCI6Imh0dHBzOlwvXC9naG90ZWxzLmNvbS5teFwvd3AtY29udGVudFwvdXBsb2Fkc1wvMjAyNlwvMDFcL0ctR3JvdXAtZ2FsZXJpYS00LmpwZyIsInNsaWRlc2hvdyI6IjI5MjFiYzIwIn0%3D\">\n\t\t\t\t\t<div class=\"e-gallery-image elementor-gallery-item__image\" data-thumbnail=\"https:\/\/ghotels.com.mx\/wp-content\/uploads\/2026\/01\/G-Group-galeria-4.jpg\" data-width=\"823\" data-height=\"1024\" aria-label=\"\" role=\"img\" ><\/div>\n\t\t\t\t\t\t\t\t\t\t\t<div class=\"elementor-gallery-item__overlay\"><\/div>\n\t\t\t\t\t\t\t\t\t\t\t\t\t\t<\/a>\n\t\t\t\t\t<\/div>\n\t\t\t\t\t<\/div>\n\t\t\t\t<\/div>\n\t\t\t\t<\/div>\n\t\t\t\t\t<\/div>\n\t\t\t\t<\/div>\n\t\t\t\t<\/div>","protected":false},"excerpt":{"rendered":"<p>GLOBAL CONCEPT BOUTIQUE &amp; SMART HOTELS En G Hotels, la excelencia no es un objetivo, es nuestro est\u00e1ndar. Buscamos mentes innovadoras y profesionales apasionados por la hoteleria, la hospitalidad y el detalle, que deseen redefinir la experiencia del lujo contempor\u00e1neo. Trabaja con nosotros Career Opportunities G Hotels Elevando el est\u00e1ndar de la hospitalidad Nuestra filosof\u00eda se basa en el talento [&hellip;]<\/p>","protected":false},"author":1,"featured_media":11575,"parent":0,"menu_order":0,"comment_status":"closed","ping_status":"closed","template":"elementor_header_footer","meta":{"footnotes":""},"class_list":["post-12323","page","type-page","status-publish","has-post-thumbnail","hentry"],"_links":{"self":[{"href":"https:\/\/ghotels.com.mx\/en\/wp-json\/wp\/v2\/pages\/12323","targetHints":{"allow":["GET"]}}],"collection":[{"href":"https:\/\/ghotels.com.mx\/en\/wp-json\/wp\/v2\/pages"}],"about":[{"href":"https:\/\/ghotels.com.mx\/en\/wp-json\/wp\/v2\/types\/page"}],"author":[{"embeddable":true,"href":"https:\/\/ghotels.com.mx\/en\/wp-json\/wp\/v2\/users\/1"}],"replies":[{"embeddable":true,"href":"https:\/\/ghotels.com.mx\/en\/wp-json\/wp\/v2\/comments?post=12323"}],"version-history":[{"count":55,"href":"https:\/\/ghotels.com.mx\/en\/wp-json\/wp\/v2\/pages\/12323\/revisions"}],"predecessor-version":[{"id":12383,"href":"https:\/\/ghotels.com.mx\/en\/wp-json\/wp\/v2\/pages\/12323\/revisions\/12383"}],"wp:featuredmedia":[{"embeddable":true,"href":"https:\/\/ghotels.com.mx\/en\/wp-json\/wp\/v2\/media\/11575"}],"wp:attachment":[{"href":"https:\/\/ghotels.com.mx\/en\/wp-json\/wp\/v2\/media?parent=12323"}],"curies":[{"name":"wp","href":"https:\/\/api.w.org\/{rel}","templated":true}]}}