{"id":11756,"date":"2025-12-03T23:53:55","date_gmt":"2025-12-03T23:53:55","guid":{"rendered":"https:\/\/ghotels.com.mx\/?page_id=11756"},"modified":"2025-12-03T23:56:06","modified_gmt":"2025-12-03T23:56:06","slug":"facturacion-2","status":"publish","type":"page","link":"https:\/\/ghotels.com.mx\/en\/facturacion-2\/","title":{"rendered":"Facturaci\u00f3n"},"content":{"rendered":"<div data-elementor-type=\"wp-page\" data-elementor-id=\"11756\" class=\"elementor elementor-11756\" data-elementor-post-type=\"page\">\n\t\t\t\t<div class=\"elementor-element elementor-element-1ac83969 e-flex e-con-boxed elementor-invisible e-con e-parent\" data-id=\"1ac83969\" data-element_type=\"container\" data-settings=\"{&quot;background_background&quot;:&quot;slideshow&quot;,&quot;background_slideshow_gallery&quot;:[{&quot;id&quot;:6377,&quot;url&quot;:&quot;https:\\\/\\\/ghotels.com.mx\\\/wp-content\\\/uploads\\\/2025\\\/01\\\/DJI_0635-copia-scaled.jpg&quot;},{&quot;id&quot;:6374,&quot;url&quot;:&quot;https:\\\/\\\/ghotels.com.mx\\\/wp-content\\\/uploads\\\/2025\\\/01\\\/K1A6735-scaled.jpg&quot;},{&quot;id&quot;:6369,&quot;url&quot;:&quot;https:\\\/\\\/ghotels.com.mx\\\/wp-content\\\/uploads\\\/2025\\\/01\\\/IMG_0865.jpg&quot;}],&quot;background_slideshow_ken_burns&quot;:&quot;yes&quot;,&quot;animation&quot;:&quot;fadeIn&quot;,&quot;background_slideshow_loop&quot;:&quot;yes&quot;,&quot;background_slideshow_slide_duration&quot;:5000,&quot;background_slideshow_slide_transition&quot;:&quot;fade&quot;,&quot;background_slideshow_transition_duration&quot;:500,&quot;background_slideshow_ken_burns_zoom_direction&quot;:&quot;in&quot;}\">\n\t\t\t\t\t<div class=\"e-con-inner\">\n\t\t<div class=\"elementor-element elementor-element-6706af68 e-con-full e-flex e-con e-child\" data-id=\"6706af68\" data-element_type=\"container\">\n\t\t\t\t<div class=\"elementor-element elementor-element-166fe6f elementor-invisible elementor-widget elementor-widget-heading\" data-id=\"166fe6f\" data-element_type=\"widget\" data-settings=\"{&quot;_animation&quot;:&quot;fadeInUp&quot;}\" data-widget_type=\"heading.default\">\n\t\t\t\t<div class=\"elementor-widget-container\">\n\t\t\t\t\t<h1 class=\"elementor-heading-title elementor-size-default\">Bienvenido al portal de Autofacturaci\u00f3n<\/h1>\t\t\t\t<\/div>\n\t\t\t\t<\/div>\n\t\t<div class=\"elementor-element elementor-element-8938143 e-con-full e-flex e-con e-child\" data-id=\"8938143\" data-element_type=\"container\">\n\t\t\t\t<div class=\"elementor-element elementor-element-36c852b8 elementor-widget__width-initial elementor-widget-mobile__width-inherit elementor-invisible elementor-widget elementor-widget-text-editor\" data-id=\"36c852b8\" data-element_type=\"widget\" data-settings=\"{&quot;_animation&quot;:&quot;fadeInUp&quot;}\" data-widget_type=\"text-editor.default\">\n\t\t\t\t<div class=\"elementor-widget-container\">\n\t\t\t\t\t\t\t\t\t<p>Utiliza tu folio de reserva y correo electr\u00f3nico<\/p>\t\t\t\t\t\t\t\t<\/div>\n\t\t\t\t<\/div>\n\t\t\t\t<\/div>\n\t\t\t\t<\/div>\n\t\t\t\t\t<\/div>\n\t\t\t\t<\/div>\n\t\t<div class=\"elementor-element elementor-element-f582b4f e-flex e-con-boxed e-con e-parent\" data-id=\"f582b4f\" data-element_type=\"container\">\n\t\t\t\t\t<div class=\"e-con-inner\">\n\t\t<div class=\"elementor-element elementor-element-28e84466 e-con-full e-flex e-con e-child\" data-id=\"28e84466\" data-element_type=\"container\">\n\t\t\t\t<div class=\"elementor-element elementor-element-7f607c3 elementor-invisible elementor-widget elementor-widget-heading\" data-id=\"7f607c3\" data-element_type=\"widget\" data-settings=\"{&quot;_animation&quot;:&quot;fadeInUp&quot;,&quot;_animation_delay&quot;:300}\" data-widget_type=\"heading.default\">\n\t\t\t\t<div class=\"elementor-widget-container\">\n\t\t\t\t\t<h2 class=\"elementor-heading-title elementor-size-default\">PASO 1 -  Acceso por lectura de c\u00f3digo QR.<\/h2>\t\t\t\t<\/div>\n\t\t\t\t<\/div>\n\t\t\t\t<div class=\"elementor-element elementor-element-782e61f elementor-invisible elementor-widget elementor-widget-heading\" data-id=\"782e61f\" data-element_type=\"widget\" data-settings=\"{&quot;_animation&quot;:&quot;fadeInUp&quot;}\" data-widget_type=\"heading.default\">\n\t\t\t\t<div class=\"elementor-widget-container\">\n\t\t\t\t\t<h2 class=\"elementor-heading-title elementor-size-default\">\nAl pagar su cuenta en un restaurante que tenga activada la generaci\u00f3n del c\u00f3digo QR este ser\u00e1 impreso en el final del ticket conteniendo todos los datos del consumo al igual que del hotel.\n\nSe deber\u00e1 leer el c\u00f3digo con un dispositivo m\u00f3vil y  redirigir\u00e1 autom\u00e1ticamente al cliente a la secci\u00f3n de visualizaci\u00f3n del ticket donde podr\u00e1 corroborar su consumo , forma de pago e informaci\u00f3n general.<\/h2>\t\t\t\t<\/div>\n\t\t\t\t<\/div>\n\t\t\t\t<\/div>\n\t\t<div class=\"elementor-element elementor-element-221de347 e-con-full e-flex e-con e-child\" data-id=\"221de347\" data-element_type=\"container\">\n\t\t\t\t<div class=\"elementor-element elementor-element-68f4b99d e-transform elementor-invisible elementor-widget elementor-widget-image\" data-id=\"68f4b99d\" data-element_type=\"widget\" data-settings=\"{&quot;_animation&quot;:&quot;fadeInUp&quot;,&quot;_transform_scale_effect&quot;:{&quot;unit&quot;:&quot;px&quot;,&quot;size&quot;:1.6,&quot;sizes&quot;:[]},&quot;_transform_scale_effect_tablet&quot;:{&quot;unit&quot;:&quot;px&quot;,&quot;size&quot;:&quot;&quot;,&quot;sizes&quot;:[]},&quot;_transform_scale_effect_mobile&quot;:{&quot;unit&quot;:&quot;px&quot;,&quot;size&quot;:&quot;&quot;,&quot;sizes&quot;:[]}}\" data-widget_type=\"image.default\">\n\t\t\t\t<div class=\"elementor-widget-container\">\n\t\t\t\t\t\t\t\t\t\t\t\t\t\t\t<img fetchpriority=\"high\" decoding=\"async\" width=\"595\" height=\"460\" src=\"https:\/\/ghotels.com.mx\/wp-content\/uploads\/2025\/12\/arponfac.png\" class=\"attachment-full size-full wp-image-11758\" alt=\"\" srcset=\"https:\/\/ghotels.com.mx\/wp-content\/uploads\/2025\/12\/arponfac.png 595w, https:\/\/ghotels.com.mx\/wp-content\/uploads\/2025\/12\/arponfac-300x232.png 300w, https:\/\/ghotels.com.mx\/wp-content\/uploads\/2025\/12\/arponfac-16x12.png 16w\" sizes=\"(max-width: 595px) 100vw, 595px\" \/>\t\t\t\t\t\t\t\t\t\t\t\t\t\t\t<\/div>\n\t\t\t\t<\/div>\n\t\t\t\t<\/div>\n\t\t\t\t\t<\/div>\n\t\t\t\t<\/div>\n\t\t<div class=\"elementor-element elementor-element-d682a67 e-flex e-con-boxed e-con e-parent\" data-id=\"d682a67\" data-element_type=\"container\">\n\t\t\t\t\t<div class=\"e-con-inner\">\n\t\t<div class=\"elementor-element elementor-element-1329733 e-con-full e-flex e-con e-child\" data-id=\"1329733\" data-element_type=\"container\">\n\t\t\t\t<div class=\"elementor-element elementor-element-7979157 elementor-invisible elementor-widget elementor-widget-heading\" data-id=\"7979157\" data-element_type=\"widget\" data-settings=\"{&quot;_animation&quot;:&quot;fadeInUp&quot;,&quot;_animation_delay&quot;:300}\" data-widget_type=\"heading.default\">\n\t\t\t\t<div class=\"elementor-widget-container\">\n\t\t\t\t\t<h2 class=\"elementor-heading-title elementor-size-default\">Paso 2 - Datos de Facturacion<\/h2>\t\t\t\t<\/div>\n\t\t\t\t<\/div>\n\t\t\t\t<div class=\"elementor-element elementor-element-4ffb1a4 elementor-invisible elementor-widget elementor-widget-heading\" data-id=\"4ffb1a4\" data-element_type=\"widget\" data-settings=\"{&quot;_animation&quot;:&quot;fadeInUp&quot;}\" data-widget_type=\"heading.default\">\n\t\t\t\t<div class=\"elementor-widget-container\">\n\t\t\t\t\t<h2 class=\"elementor-heading-title elementor-size-default\">\nAl confirmar que los datos del cheque est\u00e9n correctos solo deber\u00e1 a\u00f1adir el RFC y c\u00f3digo Postal , con este paso la aplicaci\u00f3n valida si el hotel\/ restaurante ya tenia registrado el RFC que est\u00e1n deseando facturar , si ya existe ya les permitir\u00e1 facturar , si no existe le pedir\u00e1 al usuario que capture los datos para facturar.\n\nsi los datos ya existen autom\u00e1ticamente se desplegaran\n\nEn caso de n existir el RFC le permitir\u00e1 al cliente capturarlos directamente <\/h2>\t\t\t\t<\/div>\n\t\t\t\t<\/div>\n\t\t\t\t<\/div>\n\t\t<div class=\"elementor-element elementor-element-4cf584f e-con-full e-flex e-con e-child\" data-id=\"4cf584f\" data-element_type=\"container\">\n\t\t\t\t<div class=\"elementor-element elementor-element-77b67ce e-transform elementor-invisible elementor-widget elementor-widget-image\" data-id=\"77b67ce\" data-element_type=\"widget\" data-settings=\"{&quot;_animation&quot;:&quot;fadeInUp&quot;,&quot;_transform_scale_effect&quot;:{&quot;unit&quot;:&quot;px&quot;,&quot;size&quot;:1.6,&quot;sizes&quot;:[]},&quot;_transform_scale_effect_tablet&quot;:{&quot;unit&quot;:&quot;px&quot;,&quot;size&quot;:&quot;&quot;,&quot;sizes&quot;:[]},&quot;_transform_scale_effect_mobile&quot;:{&quot;unit&quot;:&quot;px&quot;,&quot;size&quot;:&quot;&quot;,&quot;sizes&quot;:[]}}\" data-widget_type=\"image.default\">\n\t\t\t\t<div class=\"elementor-widget-container\">\n\t\t\t\t\t\t\t\t\t\t\t\t\t\t\t<img decoding=\"async\" width=\"665\" height=\"417\" src=\"https:\/\/ghotels.com.mx\/wp-content\/uploads\/2025\/12\/arponfac2.png\" class=\"attachment-full size-full wp-image-11759\" alt=\"\" srcset=\"https:\/\/ghotels.com.mx\/wp-content\/uploads\/2025\/12\/arponfac2.png 665w, https:\/\/ghotels.com.mx\/wp-content\/uploads\/2025\/12\/arponfac2-300x188.png 300w, https:\/\/ghotels.com.mx\/wp-content\/uploads\/2025\/12\/arponfac2-18x12.png 18w\" sizes=\"(max-width: 665px) 100vw, 665px\" \/>\t\t\t\t\t\t\t\t\t\t\t\t\t\t\t<\/div>\n\t\t\t\t<\/div>\n\t\t\t\t<\/div>\n\t\t\t\t\t<\/div>\n\t\t\t\t<\/div>\n\t\t<div class=\"elementor-element elementor-element-99d0772 e-grid e-con-boxed e-con e-parent\" data-id=\"99d0772\" data-element_type=\"container\">\n\t\t\t\t\t<div class=\"e-con-inner\">\n\t\t<div class=\"elementor-element elementor-element-c8dc834 e-con-full e-flex e-con e-child\" data-id=\"c8dc834\" data-element_type=\"container\">\n\t\t\t\t<div class=\"elementor-element elementor-element-2e88ae2 elementor-invisible elementor-widget elementor-widget-heading\" data-id=\"2e88ae2\" data-element_type=\"widget\" data-settings=\"{&quot;_animation&quot;:&quot;fadeInUp&quot;,&quot;_animation_delay&quot;:300}\" data-widget_type=\"heading.default\">\n\t\t\t\t<div class=\"elementor-widget-container\">\n\t\t\t\t\t<h2 class=\"elementor-heading-title elementor-size-default\">Paso 3 - Recepcion de Factura\n<\/h2>\t\t\t\t<\/div>\n\t\t\t\t<\/div>\n\t\t\t\t<div class=\"elementor-element elementor-element-3d7095b elementor-invisible elementor-widget elementor-widget-heading\" data-id=\"3d7095b\" data-element_type=\"widget\" data-settings=\"{&quot;_animation&quot;:&quot;fadeInUp&quot;}\" data-widget_type=\"heading.default\">\n\t\t\t\t<div class=\"elementor-widget-container\">\n\t\t\t\t\t<h2 class=\"elementor-heading-title elementor-size-default\">\nAutom\u00e1ticamente se generara la factura al presionar el bot\u00f3n de facturar y ser\u00e1 enviado al correo electr\u00f3nico del cliente el Archivo PDF y XML <\/h2>\t\t\t\t<\/div>\n\t\t\t\t<\/div>\n\t\t\t\t<\/div>\n\t\t\t\t\t<\/div>\n\t\t\t\t<\/div>\n\t\t\t\t<section class=\"elementor-section elementor-top-section elementor-element elementor-element-9535047 elementor-section-content-middle elementor-section-full_width elementor-section-height-default elementor-section-height-default\" data-id=\"9535047\" data-element_type=\"section\" id=\"Negroni\" data-settings=\"{&quot;background_background&quot;:&quot;classic&quot;}\">\n\t\t\t\t\t\t<div class=\"elementor-container elementor-column-gap-wide\">\n\t\t\t\t\t<div class=\"elementor-column elementor-col-50 elementor-top-column elementor-element elementor-element-00b11a8\" data-id=\"00b11a8\" data-element_type=\"column\">\n\t\t\t<div class=\"elementor-widget-wrap elementor-element-populated\">\n\t\t\t\t\t\t<div class=\"elementor-element elementor-element-73750e9 elementor-invisible elementor-widget elementor-widget-heading\" data-id=\"73750e9\" data-element_type=\"widget\" data-settings=\"{&quot;_animation&quot;:&quot;fadeInUp&quot;,&quot;_animation_delay&quot;:300}\" data-widget_type=\"heading.default\">\n\t\t\t\t<div class=\"elementor-widget-container\">\n\t\t\t\t\t<h2 class=\"elementor-heading-title elementor-size-large\"><b>FARA FARA<\/b> <br>Beach Club<\/h2>\t\t\t\t<\/div>\n\t\t\t\t<\/div>\n\t\t\t\t<div class=\"elementor-element elementor-element-f755c90 elementor-widget-mobile__width-initial elementor-widget elementor-widget-heading\" data-id=\"f755c90\" data-element_type=\"widget\" data-widget_type=\"heading.default\">\n\t\t\t\t<div class=\"elementor-widget-container\">\n\t\t\t\t\t<h2 class=\"elementor-heading-title elementor-size-large\"><b>Elegancia y Sabor<\/b><br>en la Playa<\/h2>\t\t\t\t<\/div>\n\t\t\t\t<\/div>\n\t\t\t\t<div class=\"elementor-element elementor-element-2ae7dd5 elementor-widget-divider--view-line elementor-invisible elementor-widget elementor-widget-divider\" data-id=\"2ae7dd5\" data-element_type=\"widget\" data-settings=\"{&quot;_animation&quot;:&quot;fadeInUp&quot;}\" data-widget_type=\"divider.default\">\n\t\t\t\t<div class=\"elementor-widget-container\">\n\t\t\t\t\t\t\t<div class=\"elementor-divider\">\n\t\t\t<span class=\"elementor-divider-separator\">\n\t\t\t\t\t\t<\/span>\n\t\t<\/div>\n\t\t\t\t\t\t<\/div>\n\t\t\t\t<\/div>\n\t\t\t\t<div class=\"elementor-element elementor-element-ab3d1ce elementor-widget-tablet__width-initial elementor-widget-mobile__width-inherit elementor-invisible elementor-widget elementor-widget-text-editor\" data-id=\"ab3d1ce\" data-element_type=\"widget\" data-settings=\"{&quot;_animation&quot;:&quot;fadeInUp&quot;}\" data-widget_type=\"text-editor.default\">\n\t\t\t\t<div class=\"elementor-widget-container\">\n\t\t\t\t\t\t\t\t\t<p>Un espacio que combina la <b>frescura del Caribe con un toque gourmet.<\/b> Vive tardes \u00fanicas con un ambiente vibrante, m\u00fasica en vivo y una carta dise\u00f1ada para deleitarte.<\/p>\t\t\t\t\t\t\t\t<\/div>\n\t\t\t\t<\/div>\n\t\t\t\t\t<\/div>\n\t\t<\/div>\n\t\t\t\t<div class=\"elementor-column elementor-col-50 elementor-top-column elementor-element elementor-element-55c701a\" data-id=\"55c701a\" data-element_type=\"column\" data-settings=\"{&quot;background_background&quot;:&quot;classic&quot;}\">\n\t\t\t<div class=\"elementor-widget-wrap elementor-element-populated\">\n\t\t\t\t\t\t<div class=\"elementor-element elementor-element-96ce78d elementor-widget elementor-widget-image\" data-id=\"96ce78d\" data-element_type=\"widget\" data-widget_type=\"image.default\">\n\t\t\t\t<div class=\"elementor-widget-container\">\n\t\t\t\t\t\t\t\t\t\t\t\t\t\t\t<img decoding=\"async\" width=\"1024\" height=\"732\" src=\"https:\/\/ghotels.com.mx\/wp-content\/uploads\/2025\/01\/negroni-1024x732.png\" class=\"attachment-large size-large wp-image-6571\" alt=\"\" srcset=\"https:\/\/ghotels.com.mx\/wp-content\/uploads\/2025\/01\/negroni-1024x732.png 1024w, https:\/\/ghotels.com.mx\/wp-content\/uploads\/2025\/01\/negroni-300x214.png 300w, https:\/\/ghotels.com.mx\/wp-content\/uploads\/2025\/01\/negroni-768x549.png 768w, https:\/\/ghotels.com.mx\/wp-content\/uploads\/2025\/01\/negroni-600x429.png 600w, https:\/\/ghotels.com.mx\/wp-content\/uploads\/2025\/01\/negroni.png 1066w\" sizes=\"(max-width: 1024px) 100vw, 1024px\" \/>\t\t\t\t\t\t\t\t\t\t\t\t\t\t\t<\/div>\n\t\t\t\t<\/div>\n\t\t\t\t\t<\/div>\n\t\t<\/div>\n\t\t\t\t\t<\/div>\n\t\t<\/section>\n\t\t\t\t<section class=\"elementor-section elementor-top-section elementor-element elementor-element-3cd8cc1 elementor-section-content-middle elementor-section-full_width elementor-hidden-tablet elementor-hidden-mobile elementor-section-height-default elementor-section-height-default\" data-id=\"3cd8cc1\" data-element_type=\"section\" id=\"Aura\" data-settings=\"{&quot;background_background&quot;:&quot;classic&quot;}\">\n\t\t\t\t\t\t<div class=\"elementor-container elementor-column-gap-wide\">\n\t\t\t\t\t<div class=\"elementor-column elementor-col-50 elementor-top-column elementor-element elementor-element-604e7c9\" data-id=\"604e7c9\" data-element_type=\"column\" data-settings=\"{&quot;background_background&quot;:&quot;classic&quot;}\">\n\t\t\t<div class=\"elementor-widget-wrap elementor-element-populated\">\n\t\t\t\t\t\t<div class=\"elementor-element elementor-element-4be4f9f elementor-widget elementor-widget-image\" data-id=\"4be4f9f\" data-element_type=\"widget\" data-widget_type=\"image.default\">\n\t\t\t\t<div class=\"elementor-widget-container\">\n\t\t\t\t\t\t\t\t\t\t\t\t\t\t\t<img loading=\"lazy\" decoding=\"async\" width=\"1024\" height=\"682\" src=\"https:\/\/ghotels.com.mx\/wp-content\/uploads\/2025\/01\/gyan-mudra-close-up-1024x682.jpg\" class=\"attachment-large size-large wp-image-6572\" alt=\"\" srcset=\"https:\/\/ghotels.com.mx\/wp-content\/uploads\/2025\/01\/gyan-mudra-close-up-1024x682.jpg 1024w, https:\/\/ghotels.com.mx\/wp-content\/uploads\/2025\/01\/gyan-mudra-close-up-300x200.jpg 300w, https:\/\/ghotels.com.mx\/wp-content\/uploads\/2025\/01\/gyan-mudra-close-up-768x512.jpg 768w, https:\/\/ghotels.com.mx\/wp-content\/uploads\/2025\/01\/gyan-mudra-close-up-600x400.jpg 600w, https:\/\/ghotels.com.mx\/wp-content\/uploads\/2025\/01\/gyan-mudra-close-up.jpg 1472w\" sizes=\"(max-width: 1024px) 100vw, 1024px\" \/>\t\t\t\t\t\t\t\t\t\t\t\t\t\t\t<\/div>\n\t\t\t\t<\/div>\n\t\t\t\t\t<\/div>\n\t\t<\/div>\n\t\t\t\t<div class=\"elementor-column elementor-col-50 elementor-top-column elementor-element elementor-element-9e94714\" data-id=\"9e94714\" data-element_type=\"column\">\n\t\t\t<div class=\"elementor-widget-wrap elementor-element-populated\">\n\t\t\t\t\t\t<div class=\"elementor-element elementor-element-0c21ed9 elementor-invisible elementor-widget elementor-widget-heading\" data-id=\"0c21ed9\" data-element_type=\"widget\" data-settings=\"{&quot;_animation&quot;:&quot;fadeInUp&quot;,&quot;_animation_delay&quot;:300}\" data-widget_type=\"heading.default\">\n\t\t\t\t<div class=\"elementor-widget-container\">\n\t\t\t\t\t<h2 class=\"elementor-heading-title elementor-size-large\"><b>AURA<\/b> <br>Healing Center.<\/h2>\t\t\t\t<\/div>\n\t\t\t\t<\/div>\n\t\t\t\t<div class=\"elementor-element elementor-element-8109662 elementor-widget elementor-widget-heading\" data-id=\"8109662\" data-element_type=\"widget\" data-widget_type=\"heading.default\">\n\t\t\t\t<div class=\"elementor-widget-container\">\n\t\t\t\t\t<h2 class=\"elementor-heading-title elementor-size-large\">Renueva <br><b>Cuerpo y Alma<\/b><\/h2>\t\t\t\t<\/div>\n\t\t\t\t<\/div>\n\t\t\t\t<div class=\"elementor-element elementor-element-a781ea5 elementor-widget-divider--view-line elementor-invisible elementor-widget elementor-widget-divider\" data-id=\"a781ea5\" data-element_type=\"widget\" data-settings=\"{&quot;_animation&quot;:&quot;fadeInUp&quot;}\" data-widget_type=\"divider.default\">\n\t\t\t\t<div class=\"elementor-widget-container\">\n\t\t\t\t\t\t\t<div class=\"elementor-divider\">\n\t\t\t<span class=\"elementor-divider-separator\">\n\t\t\t\t\t\t<\/span>\n\t\t<\/div>\n\t\t\t\t\t\t<\/div>\n\t\t\t\t<\/div>\n\t\t\t\t<div class=\"elementor-element elementor-element-8383314 elementor-widget-tablet__width-initial elementor-widget-mobile__width-inherit elementor-invisible elementor-widget elementor-widget-text-editor\" data-id=\"8383314\" data-element_type=\"widget\" data-settings=\"{&quot;_animation&quot;:&quot;fadeInUp&quot;}\" data-widget_type=\"text-editor.default\">\n\t\t\t\t<div class=\"elementor-widget-container\">\n\t\t\t\t\t\t\t\t\t<p><b>Encuentra la armon\u00eda en nuestro centro de bienestar.<\/b> Desde <b>masajes terap\u00e9uticos<\/b> hasta <b>rituales ancestrales,<\/b> <b>AURA Healing Center<\/b> es el lugar perfecto para reconectar contigo mismo en un entorno sereno.<\/p>\t\t\t\t\t\t\t\t<\/div>\n\t\t\t\t<\/div>\n\t\t\t\t\t<\/div>\n\t\t<\/div>\n\t\t\t\t\t<\/div>\n\t\t<\/section>\n\t\t\t\t<section class=\"elementor-section elementor-top-section elementor-element elementor-element-694f5dc elementor-section-content-middle elementor-section-full_width elementor-section-height-default elementor-section-height-default\" data-id=\"694f5dc\" data-element_type=\"section\" id=\"Temazcal\" data-settings=\"{&quot;background_background&quot;:&quot;classic&quot;}\">\n\t\t\t\t\t\t<div class=\"elementor-container elementor-column-gap-wide\">\n\t\t\t\t\t<div class=\"elementor-column elementor-col-50 elementor-top-column elementor-element elementor-element-e3e6750\" data-id=\"e3e6750\" data-element_type=\"column\">\n\t\t\t<div class=\"elementor-widget-wrap elementor-element-populated\">\n\t\t\t\t\t\t<div class=\"elementor-element elementor-element-75e04df elementor-invisible elementor-widget elementor-widget-heading\" data-id=\"75e04df\" data-element_type=\"widget\" data-settings=\"{&quot;_animation&quot;:&quot;fadeInUp&quot;,&quot;_animation_delay&quot;:300}\" data-widget_type=\"heading.default\">\n\t\t\t\t<div class=\"elementor-widget-container\">\n\t\t\t\t\t<h2 class=\"elementor-heading-title elementor-size-large\"><b>TEMAZCAL<\/b> <br>Experience<\/h2>\t\t\t\t<\/div>\n\t\t\t\t<\/div>\n\t\t\t\t<div class=\"elementor-element elementor-element-90f57e0 elementor-widget elementor-widget-heading\" data-id=\"90f57e0\" data-element_type=\"widget\" data-widget_type=\"heading.default\">\n\t\t\t\t<div class=\"elementor-widget-container\">\n\t\t\t\t\t<h2 class=\"elementor-heading-title elementor-size-large\"><b>Una Tradici\u00f3n<br> <\/b>que Revive<\/h2>\t\t\t\t<\/div>\n\t\t\t\t<\/div>\n\t\t\t\t<div class=\"elementor-element elementor-element-cefcd45 elementor-widget-divider--view-line elementor-invisible elementor-widget elementor-widget-divider\" data-id=\"cefcd45\" data-element_type=\"widget\" data-settings=\"{&quot;_animation&quot;:&quot;fadeInUp&quot;}\" data-widget_type=\"divider.default\">\n\t\t\t\t<div class=\"elementor-widget-container\">\n\t\t\t\t\t\t\t<div class=\"elementor-divider\">\n\t\t\t<span class=\"elementor-divider-separator\">\n\t\t\t\t\t\t<\/span>\n\t\t<\/div>\n\t\t\t\t\t\t<\/div>\n\t\t\t\t<\/div>\n\t\t\t\t<div class=\"elementor-element elementor-element-73309c5 elementor-widget-tablet__width-initial elementor-invisible elementor-widget elementor-widget-text-editor\" data-id=\"73309c5\" data-element_type=\"widget\" data-settings=\"{&quot;_animation&quot;:&quot;fadeInUp&quot;}\" data-widget_type=\"text-editor.default\">\n\t\t\t\t<div class=\"elementor-widget-container\">\n\t\t\t\t\t\t\t\t\t<p><b>Sum\u00e9rgete en esta experiencia ancestral<\/b> y revitaliza tu energ\u00eda. Nuestro <b>Temazca<\/b>l combina rituales aut\u00e9nticos y modernos para ofrecerte un viaje de sanaci\u00f3n \u00fanico <b>en el coraz\u00f3n de la naturaleza.<\/b><\/p>\t\t\t\t\t\t\t\t<\/div>\n\t\t\t\t<\/div>\n\t\t\t\t\t<\/div>\n\t\t<\/div>\n\t\t\t\t<div class=\"elementor-column elementor-col-50 elementor-top-column elementor-element elementor-element-f190b49\" data-id=\"f190b49\" data-element_type=\"column\" data-settings=\"{&quot;background_background&quot;:&quot;classic&quot;}\">\n\t\t\t<div class=\"elementor-widget-wrap elementor-element-populated\">\n\t\t\t\t\t\t<div class=\"elementor-element elementor-element-8bcaf73 elementor-widget elementor-widget-image\" data-id=\"8bcaf73\" data-element_type=\"widget\" data-widget_type=\"image.default\">\n\t\t\t\t<div class=\"elementor-widget-container\">\n\t\t\t\t\t\t\t\t\t\t\t\t\t\t\t<img loading=\"lazy\" decoding=\"async\" width=\"1024\" height=\"788\" src=\"https:\/\/ghotels.com.mx\/wp-content\/uploads\/2025\/01\/temazcal-1024x788.png\" class=\"attachment-large size-large wp-image-6574\" alt=\"\" srcset=\"https:\/\/ghotels.com.mx\/wp-content\/uploads\/2025\/01\/temazcal-1024x788.png 1024w, https:\/\/ghotels.com.mx\/wp-content\/uploads\/2025\/01\/temazcal-300x231.png 300w, https:\/\/ghotels.com.mx\/wp-content\/uploads\/2025\/01\/temazcal-768x591.png 768w, https:\/\/ghotels.com.mx\/wp-content\/uploads\/2025\/01\/temazcal-600x462.png 600w, https:\/\/ghotels.com.mx\/wp-content\/uploads\/2025\/01\/temazcal.png 1068w\" sizes=\"(max-width: 1024px) 100vw, 1024px\" \/>\t\t\t\t\t\t\t\t\t\t\t\t\t\t\t<\/div>\n\t\t\t\t<\/div>\n\t\t\t\t\t<\/div>\n\t\t<\/div>\n\t\t\t\t\t<\/div>\n\t\t<\/section>\n\t\t\t\t<\/div>","protected":false},"excerpt":{"rendered":"<p>Bienvenido al portal de Autofacturaci\u00f3n Utiliza tu folio de reserva y correo electr\u00f3nico PASO 1 &#8211; Acceso por lectura de c\u00f3digo QR. Al pagar su cuenta en un restaurante que tenga activada la generaci\u00f3n del c\u00f3digo QR este ser\u00e1 impreso en el final del ticket conteniendo todos los datos del consumo al igual que del hotel. Se deber\u00e1 leer el [&hellip;]<\/p>","protected":false},"author":1,"featured_media":0,"parent":0,"menu_order":0,"comment_status":"closed","ping_status":"closed","template":"elementor_header_footer","meta":{"footnotes":""},"class_list":["post-11756","page","type-page","status-publish","hentry"],"_links":{"self":[{"href":"https:\/\/ghotels.com.mx\/en\/wp-json\/wp\/v2\/pages\/11756","targetHints":{"allow":["GET"]}}],"collection":[{"href":"https:\/\/ghotels.com.mx\/en\/wp-json\/wp\/v2\/pages"}],"about":[{"href":"https:\/\/ghotels.com.mx\/en\/wp-json\/wp\/v2\/types\/page"}],"author":[{"embeddable":true,"href":"https:\/\/ghotels.com.mx\/en\/wp-json\/wp\/v2\/users\/1"}],"replies":[{"embeddable":true,"href":"https:\/\/ghotels.com.mx\/en\/wp-json\/wp\/v2\/comments?post=11756"}],"version-history":[{"count":7,"href":"https:\/\/ghotels.com.mx\/en\/wp-json\/wp\/v2\/pages\/11756\/revisions"}],"predecessor-version":[{"id":11765,"href":"https:\/\/ghotels.com.mx\/en\/wp-json\/wp\/v2\/pages\/11756\/revisions\/11765"}],"wp:attachment":[{"href":"https:\/\/ghotels.com.mx\/en\/wp-json\/wp\/v2\/media?parent=11756"}],"curies":[{"name":"wp","href":"https:\/\/api.w.org\/{rel}","templated":true}]}}