{"id":11666,"date":"2025-10-30T22:10:51","date_gmt":"2025-10-30T22:10:51","guid":{"rendered":"https:\/\/ghotels.com.mx\/?page_id=11666"},"modified":"2025-10-30T22:40:35","modified_gmt":"2025-10-30T22:40:35","slug":"g-experience-hive-cancun-dev-2","status":"publish","type":"page","link":"https:\/\/ghotels.com.mx\/en\/g-experience-hive-cancun-dev-2\/","title":{"rendered":"G Experience &#8211; HIVE CANC\u00daN DEV-2"},"content":{"rendered":"<div data-elementor-type=\"wp-page\" data-elementor-id=\"11666\" class=\"elementor elementor-11666\" data-elementor-post-type=\"page\">\n\t\t\t\t<div class=\"elementor-element elementor-element-5440597 e-flex e-con-boxed e-con e-parent\" data-id=\"5440597\" data-element_type=\"container\" data-settings=\"{&quot;background_background&quot;:&quot;classic&quot;,&quot;animation_mobile&quot;:&quot;fadeIn&quot;}\">\n\t\t\t\t\t<div class=\"e-con-inner\">\n\t\t\t\t<div class=\"elementor-element elementor-element-eefa780 elementor-widget elementor-widget-image\" data-id=\"eefa780\" data-element_type=\"widget\" data-settings=\"{&quot;_animation_mobile&quot;:&quot;fadeInDown&quot;}\" data-widget_type=\"image.default\">\n\t\t\t\t<div class=\"elementor-widget-container\">\n\t\t\t\t\t\t\t\t\t\t\t\t\t\t\t<img decoding=\"async\" width=\"150\" height=\"88\" src=\"https:\/\/ghotels.com.mx\/wp-content\/uploads\/2025\/07\/Cancun-iconos-fast-check-inn-app.svg\" class=\"attachment-thumbnail size-thumbnail wp-image-10127\" alt=\"\" \/>\t\t\t\t\t\t\t\t\t\t\t\t\t\t\t<\/div>\n\t\t\t\t<\/div>\n\t\t\t\t\t<\/div>\n\t\t\t\t<\/div>\n\t\t<div class=\"elementor-element elementor-element-75b1878 e-flex e-con-boxed e-con e-parent\" data-id=\"75b1878\" data-element_type=\"container\">\n\t\t\t\t\t<div class=\"e-con-inner\">\n\t\t\t\t<div class=\"elementor-element elementor-element-b408f22 e-transform elementor-widget elementor-widget-image\" data-id=\"b408f22\" data-element_type=\"widget\" data-settings=\"{&quot;_transform_scale_effect_mobile&quot;:{&quot;unit&quot;:&quot;px&quot;,&quot;size&quot;:1.1,&quot;sizes&quot;:[]},&quot;_transform_scale_effect&quot;:{&quot;unit&quot;:&quot;px&quot;,&quot;size&quot;:&quot;&quot;,&quot;sizes&quot;:[]},&quot;_transform_scale_effect_tablet&quot;:{&quot;unit&quot;:&quot;px&quot;,&quot;size&quot;:&quot;&quot;,&quot;sizes&quot;:[]}}\" data-widget_type=\"image.default\">\n\t\t\t\t<div class=\"elementor-widget-container\">\n\t\t\t\t\t\t\t\t\t\t\t\t\t\t\t<img fetchpriority=\"high\" decoding=\"async\" width=\"850\" height=\"100\" src=\"https:\/\/ghotels.com.mx\/wp-content\/uploads\/2025\/07\/GHotels_Banner_GraciasPorTuReserva-1.gif\" class=\"attachment-large size-large wp-image-9786\" alt=\"\" \/>\t\t\t\t\t\t\t\t\t\t\t\t\t\t\t<\/div>\n\t\t\t\t<\/div>\n\t\t\t\t\t<\/div>\n\t\t\t\t<\/div>\n\t\t<div class=\"elementor-element elementor-element-538b1a4 e-flex e-con-boxed e-con e-parent\" data-id=\"538b1a4\" data-element_type=\"container\">\n\t\t\t\t\t<div class=\"e-con-inner\">\n\t\t\t\t<div class=\"elementor-element elementor-element-8fed8fc elementor-widget elementor-widget-text-editor\" data-id=\"8fed8fc\" data-element_type=\"widget\" data-widget_type=\"text-editor.default\">\n\t\t\t\t<div class=\"elementor-widget-container\">\n\t\t\t\t\t\t\t\t\t<p style=\"text-align: center;\">BIENVENIDO<\/p>\t\t\t\t\t\t\t\t<\/div>\n\t\t\t\t<\/div>\n\t\t\t\t\t<\/div>\n\t\t\t\t<\/div>\n\t\t<div class=\"elementor-element elementor-element-fa8def6 e-flex e-con-boxed e-con e-parent\" data-id=\"fa8def6\" data-element_type=\"container\">\n\t\t\t\t\t<div class=\"e-con-inner\">\n\t\t<div class=\"elementor-element elementor-element-b354da2 e-con-full e-flex e-con e-child\" data-id=\"b354da2\" data-element_type=\"container\" data-settings=\"{&quot;background_background&quot;:&quot;gradient&quot;}\">\n\t\t\t\t<div class=\"elementor-element elementor-element-2940b3c elementor-widget elementor-widget-image\" data-id=\"2940b3c\" data-element_type=\"widget\" data-widget_type=\"image.default\">\n\t\t\t\t<div class=\"elementor-widget-container\">\n\t\t\t\t\t\t\t\t\t\t\t\t<figure class=\"wp-caption\">\n\t\t\t\t\t\t\t\t\t\t\t<a href=\"https:\/\/hotel-req10.arpon.com\/Account\/LoginFront?hotelId=6b999e55edd5431ab6eabeafc58a620c\" target=\"_blank\">\n\t\t\t\t\t\t\t<img decoding=\"async\" width=\"300\" height=\"300\" src=\"https:\/\/ghotels.com.mx\/wp-content\/uploads\/2025\/10\/G-Hotels-I-Iconos-APP_Facturacion.png\" class=\"elementor-animation-push attachment-full size-full wp-image-11606\" alt=\"\" srcset=\"https:\/\/ghotels.com.mx\/wp-content\/uploads\/2025\/10\/G-Hotels-I-Iconos-APP_Facturacion.png 300w, https:\/\/ghotels.com.mx\/wp-content\/uploads\/2025\/10\/G-Hotels-I-Iconos-APP_Facturacion-150x150.png 150w, https:\/\/ghotels.com.mx\/wp-content\/uploads\/2025\/10\/G-Hotels-I-Iconos-APP_Facturacion-12x12.png 12w\" sizes=\"(max-width: 300px) 100vw, 300px\" \/>\t\t\t\t\t\t\t\t<\/a>\n\t\t\t\t\t\t\t\t\t\t\t<figcaption class=\"widget-image-caption wp-caption-text\">FACTURA<\/figcaption>\n\t\t\t\t\t\t\t\t\t\t<\/figure>\n\t\t\t\t\t\t\t\t\t<\/div>\n\t\t\t\t<\/div>\n\t\t\t\t<\/div>\n\t\t<div class=\"elementor-element elementor-element-f91935f e-con-full e-flex e-con e-child\" data-id=\"f91935f\" data-element_type=\"container\" data-settings=\"{&quot;background_background&quot;:&quot;classic&quot;}\">\n\t\t\t\t<div class=\"elementor-element elementor-element-f66d905 elementor-widget elementor-widget-image\" data-id=\"f66d905\" data-element_type=\"widget\" data-widget_type=\"image.default\">\n\t\t\t\t<div class=\"elementor-widget-container\">\n\t\t\t\t\t\t\t\t\t\t\t\t\t\t\t\t<a href=\"https:\/\/hotel-req10.arpon.com\/Account\/LoginFront?hotelId=6b999e55edd5431ab6eabeafc58a620c\" target=\"_blank\">\n\t\t\t\t\t\t\t<img loading=\"lazy\" decoding=\"async\" width=\"300\" height=\"300\" src=\"https:\/\/ghotels.com.mx\/wp-content\/uploads\/2025\/10\/G-Hotels-I-Iconos-APP_Facturacion.png\" class=\"attachment-full size-full wp-image-11606\" alt=\"\" srcset=\"https:\/\/ghotels.com.mx\/wp-content\/uploads\/2025\/10\/G-Hotels-I-Iconos-APP_Facturacion.png 300w, https:\/\/ghotels.com.mx\/wp-content\/uploads\/2025\/10\/G-Hotels-I-Iconos-APP_Facturacion-150x150.png 150w, https:\/\/ghotels.com.mx\/wp-content\/uploads\/2025\/10\/G-Hotels-I-Iconos-APP_Facturacion-12x12.png 12w\" sizes=\"(max-width: 300px) 100vw, 300px\" \/>\t\t\t\t\t\t\t\t<\/a>\n\t\t\t\t\t\t\t\t\t\t\t\t\t\t\t<\/div>\n\t\t\t\t<\/div>\n\t\t\t\t<\/div>\n\t\t<div class=\"elementor-element elementor-element-22fc64d e-con-full e-flex e-con e-child\" data-id=\"22fc64d\" data-element_type=\"container\" data-settings=\"{&quot;background_background&quot;:&quot;gradient&quot;}\">\n\t\t\t\t<div class=\"elementor-element elementor-element-6645fad elementor-widget elementor-widget-image\" data-id=\"6645fad\" data-element_type=\"widget\" data-widget_type=\"image.default\">\n\t\t\t\t<div class=\"elementor-widget-container\">\n\t\t\t\t\t\t\t\t\t\t\t\t<figure class=\"wp-caption\">\n\t\t\t\t\t\t\t\t\t\t\t<a href=\"https:\/\/hotel-req10.arpon.com\/Account\/LoginFront?hotelId=6b999e55edd5431ab6eabeafc58a620c\" target=\"_blank\">\n\t\t\t\t\t\t\t<img loading=\"lazy\" decoding=\"async\" width=\"300\" height=\"300\" src=\"https:\/\/ghotels.com.mx\/wp-content\/uploads\/2025\/10\/G-Hotels-I-Iconos-APP_Meus-AB.png\" class=\"elementor-animation-push attachment-large size-large wp-image-11612\" alt=\"\" srcset=\"https:\/\/ghotels.com.mx\/wp-content\/uploads\/2025\/10\/G-Hotels-I-Iconos-APP_Meus-AB.png 300w, https:\/\/ghotels.com.mx\/wp-content\/uploads\/2025\/10\/G-Hotels-I-Iconos-APP_Meus-AB-150x150.png 150w, https:\/\/ghotels.com.mx\/wp-content\/uploads\/2025\/10\/G-Hotels-I-Iconos-APP_Meus-AB-12x12.png 12w\" sizes=\"(max-width: 300px) 100vw, 300px\" \/>\t\t\t\t\t\t\t\t<\/a>\n\t\t\t\t\t\t\t\t\t\t\t<figcaption class=\"widget-image-caption wp-caption-text\">MEN\u00daS<\/figcaption>\n\t\t\t\t\t\t\t\t\t\t<\/figure>\n\t\t\t\t\t\t\t\t\t<\/div>\n\t\t\t\t<\/div>\n\t\t\t\t<\/div>\n\t\t\t\t\t<\/div>\n\t\t\t\t<\/div>\n\t\t<div class=\"elementor-element elementor-element-fb1b922 e-flex e-con-boxed e-con e-parent\" data-id=\"fb1b922\" data-element_type=\"container\">\n\t\t\t\t\t<div class=\"e-con-inner\">\n\t\t<div class=\"elementor-element elementor-element-ae5af6b e-con-full e-flex e-con e-child\" data-id=\"ae5af6b\" data-element_type=\"container\" data-settings=\"{&quot;background_background&quot;:&quot;gradient&quot;}\">\n\t\t\t\t<div class=\"elementor-element elementor-element-b5c227c elementor-widget elementor-widget-image\" data-id=\"b5c227c\" data-element_type=\"widget\" data-widget_type=\"image.default\">\n\t\t\t\t<div class=\"elementor-widget-container\">\n\t\t\t\t\t\t\t\t\t\t\t\t<figure class=\"wp-caption\">\n\t\t\t\t\t\t\t\t\t\t\t<a href=\"https:\/\/hotel-req10.arpon.com\/Account\/LoginFront?hotelId=6b999e55edd5431ab6eabeafc58a620c\" target=\"_blank\">\n\t\t\t\t\t\t\t<img loading=\"lazy\" decoding=\"async\" width=\"300\" height=\"300\" src=\"https:\/\/ghotels.com.mx\/wp-content\/uploads\/2025\/10\/G-Hotels-I-Iconos-APP_Encuesta-de-Satisfaccion.png\" class=\"elementor-animation-push attachment-full size-full wp-image-11605\" alt=\"\" srcset=\"https:\/\/ghotels.com.mx\/wp-content\/uploads\/2025\/10\/G-Hotels-I-Iconos-APP_Encuesta-de-Satisfaccion.png 300w, https:\/\/ghotels.com.mx\/wp-content\/uploads\/2025\/10\/G-Hotels-I-Iconos-APP_Encuesta-de-Satisfaccion-150x150.png 150w, https:\/\/ghotels.com.mx\/wp-content\/uploads\/2025\/10\/G-Hotels-I-Iconos-APP_Encuesta-de-Satisfaccion-12x12.png 12w\" sizes=\"(max-width: 300px) 100vw, 300px\" \/>\t\t\t\t\t\t\t\t<\/a>\n\t\t\t\t\t\t\t\t\t\t\t<figcaption class=\"widget-image-caption wp-caption-text\">FACTURA<\/figcaption>\n\t\t\t\t\t\t\t\t\t\t<\/figure>\n\t\t\t\t\t\t\t\t\t<\/div>\n\t\t\t\t<\/div>\n\t\t\t\t<\/div>\n\t\t<div class=\"elementor-element elementor-element-9736811 e-con-full e-flex e-con e-child\" data-id=\"9736811\" data-element_type=\"container\" data-settings=\"{&quot;background_background&quot;:&quot;classic&quot;}\">\n\t\t\t\t<div class=\"elementor-element elementor-element-24bbf20 elementor-widget elementor-widget-image\" data-id=\"24bbf20\" data-element_type=\"widget\" data-widget_type=\"image.default\">\n\t\t\t\t<div class=\"elementor-widget-container\">\n\t\t\t\t\t\t\t\t\t\t\t\t\t\t\t\t<a href=\"https:\/\/hotel-req10.arpon.com\/Account\/LoginFront?hotelId=6b999e55edd5431ab6eabeafc58a620c\" target=\"_blank\">\n\t\t\t\t\t\t\t<img loading=\"lazy\" decoding=\"async\" width=\"300\" height=\"300\" src=\"https:\/\/ghotels.com.mx\/wp-content\/uploads\/2025\/10\/G-Hotels-I-Iconos-APP_Facturacion.png\" class=\"attachment-full size-full wp-image-11606\" alt=\"\" srcset=\"https:\/\/ghotels.com.mx\/wp-content\/uploads\/2025\/10\/G-Hotels-I-Iconos-APP_Facturacion.png 300w, https:\/\/ghotels.com.mx\/wp-content\/uploads\/2025\/10\/G-Hotels-I-Iconos-APP_Facturacion-150x150.png 150w, https:\/\/ghotels.com.mx\/wp-content\/uploads\/2025\/10\/G-Hotels-I-Iconos-APP_Facturacion-12x12.png 12w\" sizes=\"(max-width: 300px) 100vw, 300px\" \/>\t\t\t\t\t\t\t\t<\/a>\n\t\t\t\t\t\t\t\t\t\t\t\t\t\t\t<\/div>\n\t\t\t\t<\/div>\n\t\t\t\t<\/div>\n\t\t<div class=\"elementor-element elementor-element-b2bc3a0 e-con-full e-flex e-con e-child\" data-id=\"b2bc3a0\" data-element_type=\"container\" data-settings=\"{&quot;background_background&quot;:&quot;gradient&quot;}\">\n\t\t\t\t<div class=\"elementor-element elementor-element-3d0a995 elementor-widget elementor-widget-image\" data-id=\"3d0a995\" data-element_type=\"widget\" data-widget_type=\"image.default\">\n\t\t\t\t<div class=\"elementor-widget-container\">\n\t\t\t\t\t\t\t\t\t\t\t\t<figure class=\"wp-caption\">\n\t\t\t\t\t\t\t\t\t\t\t<a href=\"https:\/\/hotel-req10.arpon.com\/Account\/LoginFront?hotelId=6b999e55edd5431ab6eabeafc58a620c\" target=\"_blank\">\n\t\t\t\t\t\t\t<img loading=\"lazy\" decoding=\"async\" width=\"300\" height=\"300\" src=\"https:\/\/ghotels.com.mx\/wp-content\/uploads\/2025\/10\/G-Hotels-I-Iconos-APP_Plaza-o-Asociados.png\" class=\"elementor-animation-push attachment-large size-large wp-image-11613\" alt=\"\" srcset=\"https:\/\/ghotels.com.mx\/wp-content\/uploads\/2025\/10\/G-Hotels-I-Iconos-APP_Plaza-o-Asociados.png 300w, https:\/\/ghotels.com.mx\/wp-content\/uploads\/2025\/10\/G-Hotels-I-Iconos-APP_Plaza-o-Asociados-150x150.png 150w, https:\/\/ghotels.com.mx\/wp-content\/uploads\/2025\/10\/G-Hotels-I-Iconos-APP_Plaza-o-Asociados-12x12.png 12w\" sizes=\"(max-width: 300px) 100vw, 300px\" \/>\t\t\t\t\t\t\t\t<\/a>\n\t\t\t\t\t\t\t\t\t\t\t<figcaption class=\"widget-image-caption wp-caption-text\">MEN\u00daS<\/figcaption>\n\t\t\t\t\t\t\t\t\t\t<\/figure>\n\t\t\t\t\t\t\t\t\t<\/div>\n\t\t\t\t<\/div>\n\t\t\t\t<\/div>\n\t\t\t\t\t<\/div>\n\t\t\t\t<\/div>\n\t\t<div class=\"elementor-element elementor-element-c7e22ab e-flex e-con-boxed e-con e-parent\" data-id=\"c7e22ab\" data-element_type=\"container\">\n\t\t\t\t\t<div class=\"e-con-inner\">\n\t\t<div class=\"elementor-element elementor-element-7402682 e-con-full e-flex e-con e-child\" data-id=\"7402682\" data-element_type=\"container\" data-settings=\"{&quot;background_background&quot;:&quot;gradient&quot;}\">\n\t\t\t\t<div class=\"elementor-element elementor-element-63e1e3a elementor-widget elementor-widget-image\" data-id=\"63e1e3a\" data-element_type=\"widget\" data-widget_type=\"image.default\">\n\t\t\t\t<div class=\"elementor-widget-container\">\n\t\t\t\t\t\t\t\t\t\t\t\t<figure class=\"wp-caption\">\n\t\t\t\t\t\t\t\t\t\t\t<a href=\"https:\/\/hotel-req10.arpon.com\/Account\/LoginFront?hotelId=6b999e55edd5431ab6eabeafc58a620c\" target=\"_blank\">\n\t\t\t\t\t\t\t<img loading=\"lazy\" decoding=\"async\" width=\"300\" height=\"300\" src=\"https:\/\/ghotels.com.mx\/wp-content\/uploads\/2025\/10\/G-Hotels-I-Iconos-APP_Menu-Anterior-copia.png\" class=\"attachment-full size-full wp-image-11610\" alt=\"\" srcset=\"https:\/\/ghotels.com.mx\/wp-content\/uploads\/2025\/10\/G-Hotels-I-Iconos-APP_Menu-Anterior-copia.png 300w, https:\/\/ghotels.com.mx\/wp-content\/uploads\/2025\/10\/G-Hotels-I-Iconos-APP_Menu-Anterior-copia-150x150.png 150w, https:\/\/ghotels.com.mx\/wp-content\/uploads\/2025\/10\/G-Hotels-I-Iconos-APP_Menu-Anterior-copia-12x12.png 12w\" sizes=\"(max-width: 300px) 100vw, 300px\" \/>\t\t\t\t\t\t\t\t<\/a>\n\t\t\t\t\t\t\t\t\t\t\t<figcaption class=\"widget-image-caption wp-caption-text\">FACTURA<\/figcaption>\n\t\t\t\t\t\t\t\t\t\t<\/figure>\n\t\t\t\t\t\t\t\t\t<\/div>\n\t\t\t\t<\/div>\n\t\t\t\t<\/div>\n\t\t<div class=\"elementor-element elementor-element-ef4a9ff e-con-full e-flex e-con e-child\" data-id=\"ef4a9ff\" data-element_type=\"container\" data-settings=\"{&quot;background_background&quot;:&quot;classic&quot;}\">\n\t\t\t\t<div class=\"elementor-element elementor-element-28a4c14 elementor-widget elementor-widget-image\" data-id=\"28a4c14\" data-element_type=\"widget\" data-widget_type=\"image.default\">\n\t\t\t\t<div class=\"elementor-widget-container\">\n\t\t\t\t\t\t\t\t\t\t\t\t\t\t\t\t<a href=\"https:\/\/hotel-req10.arpon.com\/Account\/LoginFront?hotelId=6b999e55edd5431ab6eabeafc58a620c\" target=\"_blank\">\n\t\t\t\t\t\t\t<img loading=\"lazy\" decoding=\"async\" width=\"300\" height=\"300\" src=\"https:\/\/ghotels.com.mx\/wp-content\/uploads\/2025\/10\/G-Hotels-I-Iconos-APP_Facturacion.png\" class=\"attachment-full size-full wp-image-11606\" alt=\"\" srcset=\"https:\/\/ghotels.com.mx\/wp-content\/uploads\/2025\/10\/G-Hotels-I-Iconos-APP_Facturacion.png 300w, https:\/\/ghotels.com.mx\/wp-content\/uploads\/2025\/10\/G-Hotels-I-Iconos-APP_Facturacion-150x150.png 150w, https:\/\/ghotels.com.mx\/wp-content\/uploads\/2025\/10\/G-Hotels-I-Iconos-APP_Facturacion-12x12.png 12w\" sizes=\"(max-width: 300px) 100vw, 300px\" \/>\t\t\t\t\t\t\t\t<\/a>\n\t\t\t\t\t\t\t\t\t\t\t\t\t\t\t<\/div>\n\t\t\t\t<\/div>\n\t\t\t\t<\/div>\n\t\t<div class=\"elementor-element elementor-element-8bf5d09 e-con-full e-flex e-con e-child\" data-id=\"8bf5d09\" data-element_type=\"container\" data-settings=\"{&quot;background_background&quot;:&quot;gradient&quot;}\">\n\t\t\t\t<div class=\"elementor-element elementor-element-9ce03a7 elementor-widget elementor-widget-image\" data-id=\"9ce03a7\" data-element_type=\"widget\" data-widget_type=\"image.default\">\n\t\t\t\t<div class=\"elementor-widget-container\">\n\t\t\t\t\t\t\t\t\t\t\t\t<figure class=\"wp-caption\">\n\t\t\t\t\t\t\t\t\t\t\t<a href=\"https:\/\/hotel-req10.arpon.com\/Account\/LoginFront?hotelId=6b999e55edd5431ab6eabeafc58a620c\" target=\"_blank\">\n\t\t\t\t\t\t\t<img loading=\"lazy\" decoding=\"async\" width=\"300\" height=\"300\" src=\"https:\/\/ghotels.com.mx\/wp-content\/uploads\/2025\/10\/G-Hotels-I-Iconos-APP_Tienda.png\" class=\"attachment-large size-large wp-image-11615\" alt=\"\" srcset=\"https:\/\/ghotels.com.mx\/wp-content\/uploads\/2025\/10\/G-Hotels-I-Iconos-APP_Tienda.png 300w, https:\/\/ghotels.com.mx\/wp-content\/uploads\/2025\/10\/G-Hotels-I-Iconos-APP_Tienda-150x150.png 150w, https:\/\/ghotels.com.mx\/wp-content\/uploads\/2025\/10\/G-Hotels-I-Iconos-APP_Tienda-12x12.png 12w\" sizes=\"(max-width: 300px) 100vw, 300px\" \/>\t\t\t\t\t\t\t\t<\/a>\n\t\t\t\t\t\t\t\t\t\t\t<figcaption class=\"widget-image-caption wp-caption-text\">MEN\u00daS<\/figcaption>\n\t\t\t\t\t\t\t\t\t\t<\/figure>\n\t\t\t\t\t\t\t\t\t<\/div>\n\t\t\t\t<\/div>\n\t\t\t\t<\/div>\n\t\t\t\t\t<\/div>\n\t\t\t\t<\/div>\n\t\t<div class=\"elementor-element elementor-element-0ff9cc5 e-flex e-con-boxed e-con e-parent\" data-id=\"0ff9cc5\" data-element_type=\"container\">\n\t\t\t\t\t<div class=\"e-con-inner\">\n\t\t<div class=\"elementor-element elementor-element-d492792 e-con-full e-flex e-con e-child\" data-id=\"d492792\" data-element_type=\"container\" data-settings=\"{&quot;background_background&quot;:&quot;gradient&quot;}\">\n\t\t\t\t<div class=\"elementor-element elementor-element-93368e9 elementor-widget elementor-widget-image\" data-id=\"93368e9\" data-element_type=\"widget\" data-widget_type=\"image.default\">\n\t\t\t\t<div class=\"elementor-widget-container\">\n\t\t\t\t\t\t\t\t\t\t\t\t<figure class=\"wp-caption\">\n\t\t\t\t\t\t\t\t\t\t\t<a href=\"https:\/\/hotel-req10.arpon.com\/Account\/LoginFront?hotelId=6b999e55edd5431ab6eabeafc58a620c\" target=\"_blank\">\n\t\t\t\t\t\t\t<img loading=\"lazy\" decoding=\"async\" width=\"300\" height=\"300\" src=\"https:\/\/ghotels.com.mx\/wp-content\/uploads\/2025\/10\/G-Hotels-I-Iconos-APP_Facturacion.png\" class=\"attachment-full size-full wp-image-11606\" alt=\"\" srcset=\"https:\/\/ghotels.com.mx\/wp-content\/uploads\/2025\/10\/G-Hotels-I-Iconos-APP_Facturacion.png 300w, https:\/\/ghotels.com.mx\/wp-content\/uploads\/2025\/10\/G-Hotels-I-Iconos-APP_Facturacion-150x150.png 150w, https:\/\/ghotels.com.mx\/wp-content\/uploads\/2025\/10\/G-Hotels-I-Iconos-APP_Facturacion-12x12.png 12w\" sizes=\"(max-width: 300px) 100vw, 300px\" \/>\t\t\t\t\t\t\t\t<\/a>\n\t\t\t\t\t\t\t\t\t\t\t<figcaption class=\"widget-image-caption wp-caption-text\">FACTURA<\/figcaption>\n\t\t\t\t\t\t\t\t\t\t<\/figure>\n\t\t\t\t\t\t\t\t\t<\/div>\n\t\t\t\t<\/div>\n\t\t\t\t<\/div>\n\t\t<div class=\"elementor-element elementor-element-3b9f6ef e-con-full e-flex e-con e-child\" data-id=\"3b9f6ef\" data-element_type=\"container\" data-settings=\"{&quot;background_background&quot;:&quot;classic&quot;}\">\n\t\t\t\t<div class=\"elementor-element elementor-element-688f398 elementor-widget elementor-widget-image\" data-id=\"688f398\" data-element_type=\"widget\" data-widget_type=\"image.default\">\n\t\t\t\t<div class=\"elementor-widget-container\">\n\t\t\t\t\t\t\t\t\t\t\t\t\t\t\t\t<a href=\"https:\/\/hotel-req10.arpon.com\/Account\/LoginFront?hotelId=6b999e55edd5431ab6eabeafc58a620c\" target=\"_blank\">\n\t\t\t\t\t\t\t<img loading=\"lazy\" decoding=\"async\" width=\"300\" height=\"300\" src=\"https:\/\/ghotels.com.mx\/wp-content\/uploads\/2025\/10\/G-Hotels-I-Iconos-APP_Facturacion.png\" class=\"attachment-full size-full wp-image-11606\" alt=\"\" srcset=\"https:\/\/ghotels.com.mx\/wp-content\/uploads\/2025\/10\/G-Hotels-I-Iconos-APP_Facturacion.png 300w, https:\/\/ghotels.com.mx\/wp-content\/uploads\/2025\/10\/G-Hotels-I-Iconos-APP_Facturacion-150x150.png 150w, https:\/\/ghotels.com.mx\/wp-content\/uploads\/2025\/10\/G-Hotels-I-Iconos-APP_Facturacion-12x12.png 12w\" sizes=\"(max-width: 300px) 100vw, 300px\" \/>\t\t\t\t\t\t\t\t<\/a>\n\t\t\t\t\t\t\t\t\t\t\t\t\t\t\t<\/div>\n\t\t\t\t<\/div>\n\t\t\t\t<\/div>\n\t\t<div class=\"elementor-element elementor-element-7a91d45 e-con-full e-flex e-con e-child\" data-id=\"7a91d45\" data-element_type=\"container\" data-settings=\"{&quot;background_background&quot;:&quot;gradient&quot;}\">\n\t\t\t\t<div class=\"elementor-element elementor-element-e0a5c9e elementor-widget elementor-widget-image\" data-id=\"e0a5c9e\" data-element_type=\"widget\" data-widget_type=\"image.default\">\n\t\t\t\t<div class=\"elementor-widget-container\">\n\t\t\t\t\t\t\t\t\t\t\t\t<figure class=\"wp-caption\">\n\t\t\t\t\t\t\t\t\t\t\t<a href=\"https:\/\/hotel-req10.arpon.com\/Account\/LoginFront?hotelId=6b999e55edd5431ab6eabeafc58a620c\" target=\"_blank\">\n\t\t\t\t\t\t\t<img loading=\"lazy\" decoding=\"async\" width=\"300\" height=\"300\" src=\"https:\/\/ghotels.com.mx\/wp-content\/uploads\/2025\/10\/G-Hotels-I-Iconos-APP_Meus-AB.png\" class=\"attachment-large size-large wp-image-11612\" alt=\"\" srcset=\"https:\/\/ghotels.com.mx\/wp-content\/uploads\/2025\/10\/G-Hotels-I-Iconos-APP_Meus-AB.png 300w, https:\/\/ghotels.com.mx\/wp-content\/uploads\/2025\/10\/G-Hotels-I-Iconos-APP_Meus-AB-150x150.png 150w, https:\/\/ghotels.com.mx\/wp-content\/uploads\/2025\/10\/G-Hotels-I-Iconos-APP_Meus-AB-12x12.png 12w\" sizes=\"(max-width: 300px) 100vw, 300px\" \/>\t\t\t\t\t\t\t\t<\/a>\n\t\t\t\t\t\t\t\t\t\t\t<figcaption class=\"widget-image-caption wp-caption-text\">MEN\u00daS<\/figcaption>\n\t\t\t\t\t\t\t\t\t\t<\/figure>\n\t\t\t\t\t\t\t\t\t<\/div>\n\t\t\t\t<\/div>\n\t\t\t\t<\/div>\n\t\t\t\t\t<\/div>\n\t\t\t\t<\/div>\n\t\t<div class=\"elementor-element elementor-element-2d4be69 e-flex e-con-boxed e-con e-parent\" data-id=\"2d4be69\" data-element_type=\"container\">\n\t\t\t\t\t<div class=\"e-con-inner\">\n\t\t\t\t<div class=\"elementor-element elementor-element-982d7b1 elementor-mobile-align-center e-transform elementor-widget elementor-widget-button\" data-id=\"982d7b1\" data-element_type=\"widget\" data-settings=\"{&quot;_animation_mobile&quot;:&quot;zoomIn&quot;,&quot;_transform_scale_effect_mobile&quot;:{&quot;unit&quot;:&quot;px&quot;,&quot;size&quot;:0.9,&quot;sizes&quot;:[]},&quot;_transform_scale_effect&quot;:{&quot;unit&quot;:&quot;px&quot;,&quot;size&quot;:&quot;&quot;,&quot;sizes&quot;:[]},&quot;_transform_scale_effect_tablet&quot;:{&quot;unit&quot;:&quot;px&quot;,&quot;size&quot;:&quot;&quot;,&quot;sizes&quot;:[]}}\" data-widget_type=\"button.default\">\n\t\t\t\t<div class=\"elementor-widget-container\">\n\t\t\t\t\t\t\t\t\t<div class=\"elementor-button-wrapper\">\n\t\t\t\t\t<a class=\"elementor-button elementor-button-link elementor-size-sm\" href=\"https:\/\/ghotels.com.mx\/en\/app-index\/\">\n\t\t\t\t\t\t<span class=\"elementor-button-content-wrapper\">\n\t\t\t\t\t\t<span class=\"elementor-button-icon\">\n\t\t\t\t<svg aria-hidden=\"true\" class=\"e-font-icon-svg e-fas-arrow-alt-circle-left\" viewbox=\"0 0 512 512\" xmlns=\"http:\/\/www.w3.org\/2000\/svg\"><path d=\"M256 504C119 504 8 393 8 256S119 8 256 8s248 111 248 248-111 248-248 248zm116-292H256v-70.9c0-10.7-13-16.1-20.5-8.5L121.2 247.5c-4.7 4.7-4.7 12.2 0 16.9l114.3 114.9c7.6 7.6 20.5 2.2 20.5-8.5V300h116c6.6 0 12-5.4 12-12v-64c0-6.6-5.4-12-12-12z\"><\/path><\/svg>\t\t\t<\/span>\n\t\t\t\t\t\t\t\t<\/span>\n\t\t\t\t\t<\/a>\n\t\t\t\t<\/div>\n\t\t\t\t\t\t\t\t<\/div>\n\t\t\t\t<\/div>\n\t\t\t\t<div class=\"elementor-element elementor-element-46edabe elementor-widget elementor-widget-text-editor\" data-id=\"46edabe\" data-element_type=\"widget\" data-settings=\"{&quot;_animation_mobile&quot;:&quot;zoomIn&quot;}\" data-widget_type=\"text-editor.default\">\n\t\t\t\t<div class=\"elementor-widget-container\">\n\t\t\t\t\t\t\t\t\t<p><span style=\"color: #ffffff;\">REGRESA AL MEN\u00da PRINCIPAL<\/span><\/p>\t\t\t\t\t\t\t\t<\/div>\n\t\t\t\t<\/div>\n\t\t\t\t<div class=\"elementor-element elementor-element-43014d3 elementor-widget elementor-widget-image\" data-id=\"43014d3\" data-element_type=\"widget\" data-widget_type=\"image.default\">\n\t\t\t\t<div class=\"elementor-widget-container\">\n\t\t\t\t\t\t\t\t\t\t\t\t\t\t\t<img loading=\"lazy\" decoding=\"async\" width=\"300\" height=\"297\" src=\"https:\/\/ghotels.com.mx\/wp-content\/uploads\/2025\/05\/G-hotels-780-px-300x297.png\" class=\"attachment-medium size-medium wp-image-6883\" alt=\"\" srcset=\"https:\/\/ghotels.com.mx\/wp-content\/uploads\/2025\/05\/G-hotels-780-px-300x297.png 300w, https:\/\/ghotels.com.mx\/wp-content\/uploads\/2025\/05\/G-hotels-780-px-1024x1013.png 1024w, https:\/\/ghotels.com.mx\/wp-content\/uploads\/2025\/05\/G-hotels-780-px-150x150.png 150w, https:\/\/ghotels.com.mx\/wp-content\/uploads\/2025\/05\/G-hotels-780-px-768x760.png 768w, https:\/\/ghotels.com.mx\/wp-content\/uploads\/2025\/05\/G-hotels-780-px-1536x1519.png 1536w\" sizes=\"(max-width: 300px) 100vw, 300px\" \/>\t\t\t\t\t\t\t\t\t\t\t\t\t\t\t<\/div>\n\t\t\t\t<\/div>\n\t\t\t\t\t<\/div>\n\t\t\t\t<\/div>\n\t\t\t\t<\/div>","protected":false},"excerpt":{"rendered":"<p>BIENVENIDO FACTURA MEN\u00daS FACTURA MEN\u00daS FACTURA MEN\u00daS FACTURA MEN\u00daS REGRESA AL MEN\u00da PRINCIPAL<\/p>","protected":false},"author":1,"featured_media":0,"parent":0,"menu_order":0,"comment_status":"closed","ping_status":"closed","template":"elementor_canvas","meta":{"footnotes":""},"class_list":["post-11666","page","type-page","status-publish","hentry"],"_links":{"self":[{"href":"https:\/\/ghotels.com.mx\/en\/wp-json\/wp\/v2\/pages\/11666","targetHints":{"allow":["GET"]}}],"collection":[{"href":"https:\/\/ghotels.com.mx\/en\/wp-json\/wp\/v2\/pages"}],"about":[{"href":"https:\/\/ghotels.com.mx\/en\/wp-json\/wp\/v2\/types\/page"}],"author":[{"embeddable":true,"href":"https:\/\/ghotels.com.mx\/en\/wp-json\/wp\/v2\/users\/1"}],"replies":[{"embeddable":true,"href":"https:\/\/ghotels.com.mx\/en\/wp-json\/wp\/v2\/comments?post=11666"}],"version-history":[{"count":10,"href":"https:\/\/ghotels.com.mx\/en\/wp-json\/wp\/v2\/pages\/11666\/revisions"}],"predecessor-version":[{"id":11678,"href":"https:\/\/ghotels.com.mx\/en\/wp-json\/wp\/v2\/pages\/11666\/revisions\/11678"}],"wp:attachment":[{"href":"https:\/\/ghotels.com.mx\/en\/wp-json\/wp\/v2\/media?parent=11666"}],"curies":[{"name":"wp","href":"https:\/\/api.w.org\/{rel}","templated":true}]}}